{"id":80,"date":"2019-07-30T22:03:19","date_gmt":"2019-07-30T21:03:19","guid":{"rendered":"http:\/\/chatteriefelynxs.fr\/site\/?page_id=80"},"modified":"2019-08-11T21:49:04","modified_gmt":"2019-08-11T20:49:04","slug":"chatons","status":"publish","type":"page","link":"http:\/\/chatteriefelynxs.fr\/site\/chatons\/","title":{"rendered":"Chatons"},"content":{"rendered":"<h3>Chatons disponibles<\/h3>\n<p style=\"text-align: center;\">Les chatons de Romi ont tous trouv\u00e9 une famille !<\/p>\n<p><img loading=\"lazy\" decoding=\"async\" class=\"aligncenter wp-image-316 size-full\" src=\"http:\/\/chatteriefelynxs.fr\/site\/wp-content\/uploads\/2019\/08\/tous-2.jpg\" alt=\"\" width=\"443\" height=\"581\" srcset=\"http:\/\/chatteriefelynxs.fr\/site\/wp-content\/uploads\/2019\/08\/tous-2.jpg 443w, http:\/\/chatteriefelynxs.fr\/site\/wp-content\/uploads\/2019\/08\/tous-2-229x300.jpg 229w\" sizes=\"auto, (max-width: 443px) 100vw, 443px\" \/><\/p>\n<h3><\/h3>\n<h3>Port\u00e9es pr\u00e9c\u00e9dentes<\/h3>\n<p><a href=\"http:\/\/chatteriefelynxs.fr\/site\/portee-1\/\"><span style=\"color: #339966;\">Port\u00e9e 1<\/span><\/a> | Summerplace Romina &amp; <span class=\"_5yl5\">Mainefield\u2019s Wolf\u2019s shadow<\/span> | N\u00e9s le 21 janvier 2019<\/p>\n","protected":false},"excerpt":{"rendered":"<p>Chatons disponibles Les chatons de Romi ont tous trouv\u00e9 une famille ! Port\u00e9es pr\u00e9c\u00e9dentes Port\u00e9e 1 | Summerplace Romina &amp; Mainefield\u2019s Wolf\u2019s shadow | N\u00e9s le 21 janvier 2019<\/p>\n","protected":false},"author":1,"featured_media":0,"parent":0,"menu_order":0,"comment_status":"closed","ping_status":"closed","template":"","meta":{"footnotes":""},"class_list":["post-80","page","type-page","status-publish","hentry"],"_links":{"self":[{"href":"http:\/\/chatteriefelynxs.fr\/site\/wp-json\/wp\/v2\/pages\/80","targetHints":{"allow":["GET"]}}],"collection":[{"href":"http:\/\/chatteriefelynxs.fr\/site\/wp-json\/wp\/v2\/pages"}],"about":[{"href":"http:\/\/chatteriefelynxs.fr\/site\/wp-json\/wp\/v2\/types\/page"}],"author":[{"embeddable":true,"href":"http:\/\/chatteriefelynxs.fr\/site\/wp-json\/wp\/v2\/users\/1"}],"replies":[{"embeddable":true,"href":"http:\/\/chatteriefelynxs.fr\/site\/wp-json\/wp\/v2\/comments?post=80"}],"version-history":[{"count":10,"href":"http:\/\/chatteriefelynxs.fr\/site\/wp-json\/wp\/v2\/pages\/80\/revisions"}],"predecessor-version":[{"id":526,"href":"http:\/\/chatteriefelynxs.fr\/site\/wp-json\/wp\/v2\/pages\/80\/revisions\/526"}],"wp:attachment":[{"href":"http:\/\/chatteriefelynxs.fr\/site\/wp-json\/wp\/v2\/media?parent=80"}],"curies":[{"name":"wp","href":"https:\/\/api.w.org\/{rel}","templated":true}]}}