{"id":539,"date":"2019-08-14T12:28:07","date_gmt":"2019-08-14T11:28:07","guid":{"rendered":"http:\/\/chatteriefelynxs.fr\/site\/?page_id=539"},"modified":"2026-03-22T11:29:44","modified_gmt":"2026-03-22T10:29:44","slug":"conditions-de-vente","status":"publish","type":"page","link":"http:\/\/chatteriefelynxs.fr\/site\/conditions-de-vente\/","title":{"rendered":"Conditions de vente"},"content":{"rendered":"<h5><em>Un animal est un \u00eatre vivant et son adoption doit \u00eatre une d\u00e9cision pleinement r\u00e9fl\u00e9chie !<\/em><\/h5>\n<p>Nos chaton sont vendus uniquement avec pedigree LOOF !<\/p>\n<p><span style=\"text-decoration: underline;\">Conditions de d\u00e9part du chaton :<\/span><br \/>\n&#8211; les chatons sont disponibles \u00e0 partir de 14 semaines minimum,<br \/>\n&#8211; vaccin\u00e9s typhus, coryza , chlamydiose et leucose ( primo-vaccination et rappel),<br \/>\n&#8211; carnet de sant\u00e9 \u00e0 jour,<br \/>\n&#8211; vermifug\u00e9s deux \u00e0 trois fois,<br \/>\n&#8211; identifi\u00e9s par puce \u00e9lectronique,<br \/>\n&#8211; certificat de bonne sant\u00e9 de moins de 5 jours,<br \/>\n&#8211; carte d&rsquo;identification (I-CAD),<br \/>\n&#8211; pedigree LOOF ou num\u00e9ro d&rsquo;enregistrement au LOOF,<br \/>\n&#8211; copies des tests de sant\u00e9 des parents,<br \/>\n&#8211; contrat de vente,<br \/>\n&#8211; kit chaton.<\/p>\n<p><span style=\"text-decoration: underline;\">Chatons destin\u00e9s \u00e0 la compagnie :<\/span><br \/>\nLes chatons destin\u00e9s \u00e0 la compagnie partiront de la maison st\u00e9rilis\u00e9s.<\/p>\n<p><span style=\"text-decoration: underline;\">Chatons destin\u00e9s \u00e0 la reproduction :<\/span><br \/>\n&#8211; sous conditions exceptionnelles,<br \/>\n&#8211; choix d\u00e9cid\u00e9 par l\u2019\u00e9leveur,<br \/>\n&#8211; aucun chat ne partira en reproduction chez une personne qui n\u2019est pas \u00e9leveur professionnel.<\/p>\n<p><span style=\"text-decoration: underline;\">Informations :<\/span><br \/>\nAucun chaton ne sera propos\u00e9 avant l\u2019\u00e2ge de 5 semaines !<br \/>\nD\u00e8s l\u2019\u00e2ge de 1 mois, plusieurs options sont possibles concernant la r\u00e9servation :<br \/>\n&#8211; Disponible : le chaton est disponible \u00e0 la r\u00e9servation.<br \/>\n&#8211; Option : une personne est int\u00e9ress\u00e9e par le chaton , mais attend de le voir grandir ou r\u00e9fl\u00e9chit. Le d\u00e9lai de l\u2019option est de 2 semaines. Pass\u00e9 ce d\u00e9lai, Il est r\u00e9serv\u00e9 ou revient disponible. (Plus d\u2019option possible quand le chat atteint 2 mois et demi). Contactez nous pour plus d\u2019informations.<br \/>\n&#8211; R\u00e9serv\u00e9 : le chaton n&rsquo;est plus disponible.<br \/>\n&#8211; \u00c9valuation : le chaton est en observation pour nous. Il peut redevenir disponible \u00e0 tout moment. Contactez nous pour plus d\u2019informations.<\/p>\n<p><span style=\"text-decoration: underline;\">Prix du chaton :<\/span><br \/>\nLe tarif pour un chaton Felynx\u2019s pour compagnie est de 1650 euros. 650 euros d\u2019arrhes pour finaliser la r\u00e9servation, solde strict de 1000 euros au jour du d\u00e9part. (Une facilit\u00e9 de paiement jusqu\u2019au d\u00e9part du chat est possible, mais son d\u00e9part ne se fera qu\u2019une fois sold\u00e9 !)<br \/>\nInformation sp\u00e9cifique : Les arrhes sont d\u00e9finies par l\u2019article 1590 du code civil. Cet article pr\u00e9voit que le paiement partiel est qualifi\u00e9 d&rsquo;arrhes, acheteur et vendeur peuvent donc changer d&rsquo;avis apr\u00e8s la commande. Si le particulier renonce \u00e0 son achat, il abandonne la somme vers\u00e9e et donc il n\u2019y aura pas de remboursement.<\/p>\n","protected":false},"excerpt":{"rendered":"<p>Un animal est un \u00eatre vivant et son adoption doit \u00eatre une d\u00e9cision pleinement r\u00e9fl\u00e9chie ! Nos chaton sont vendus uniquement avec pedigree LOOF ! Conditions de d\u00e9part du chaton : &#8211; les chatons sont disponibles \u00e0 partir de 14 semaines minimum, &#8211; vaccin\u00e9s typhus, coryza , chlamydiose et leucose ( primo-vaccination et rappel), &#8211; <a class=\"read-more\" href=\"http:\/\/chatteriefelynxs.fr\/site\/conditions-de-vente\/\">Read More<\/a><\/p>\n","protected":false},"author":1,"featured_media":0,"parent":0,"menu_order":0,"comment_status":"closed","ping_status":"closed","template":"","meta":{"footnotes":""},"class_list":["post-539","page","type-page","status-publish","hentry"],"_links":{"self":[{"href":"http:\/\/chatteriefelynxs.fr\/site\/wp-json\/wp\/v2\/pages\/539","targetHints":{"allow":["GET"]}}],"collection":[{"href":"http:\/\/chatteriefelynxs.fr\/site\/wp-json\/wp\/v2\/pages"}],"about":[{"href":"http:\/\/chatteriefelynxs.fr\/site\/wp-json\/wp\/v2\/types\/page"}],"author":[{"embeddable":true,"href":"http:\/\/chatteriefelynxs.fr\/site\/wp-json\/wp\/v2\/users\/1"}],"replies":[{"embeddable":true,"href":"http:\/\/chatteriefelynxs.fr\/site\/wp-json\/wp\/v2\/comments?post=539"}],"version-history":[{"count":11,"href":"http:\/\/chatteriefelynxs.fr\/site\/wp-json\/wp\/v2\/pages\/539\/revisions"}],"predecessor-version":[{"id":997,"href":"http:\/\/chatteriefelynxs.fr\/site\/wp-json\/wp\/v2\/pages\/539\/revisions\/997"}],"wp:attachment":[{"href":"http:\/\/chatteriefelynxs.fr\/site\/wp-json\/wp\/v2\/media?parent=539"}],"curies":[{"name":"wp","href":"https:\/\/api.w.org\/{rel}","templated":true}]}}