{"id":537,"date":"2019-08-14T12:27:21","date_gmt":"2019-08-14T11:27:21","guid":{"rendered":"http:\/\/chatteriefelynxs.fr\/site\/?page_id=537"},"modified":"2019-08-27T22:46:54","modified_gmt":"2019-08-27T21:46:54","slug":"conditions-delevage","status":"publish","type":"page","link":"http:\/\/chatteriefelynxs.fr\/site\/conditions-delevage\/","title":{"rendered":"Conditions d\u2019\u00e9levage"},"content":{"rendered":"<blockquote><p><span class=\"_5yl5\"><strong>\u2018\u2019Tels sont les yeux, tel est le corps.\u2019\u2019 (Hippocrate)<\/strong> <\/span><\/p><\/blockquote>\n<p><span class=\"_5yl5\">U<\/span><span class=\"_5yl5\">n beau chat, sociable, harmonieux, typ\u00e9, parfaitement en lien avec le standard.. sans d\u00e9faut et en parfaite sant\u00e9 ! <\/span><\/p>\n<p><span class=\"_5yl5\">Plusieurs crit\u00e8res sont pris en compte chez nous : <\/span><\/p>\n<p><span class=\"_5yl5\"><u>Les couleurs \/ mariages :<\/u><br \/>\n<\/span><span class=\"_5yl5\">Nous pensons que diff\u00e9rentes couleurs sont essentielles pour la vari\u00e9t\u00e9. Nous avons opt\u00e9 pour des femelles brown, black silver et brown tortie&#8230; et un m\u00e2le roux et blanc (blotched tabby). De ce fait, lors des mariages, une vari\u00e9t\u00e9 de couleur s\u2019offre a nous concernant les b\u00e9b\u00e9s. De plus, ayant des marquages blotched, mackerel , spotted et ticked, la vari\u00e9t\u00e9 atteint a son maximum&#8230; <\/span><\/p>\n<p><img loading=\"lazy\" decoding=\"async\" class=\"aligncenter wp-image-636\" src=\"http:\/\/chatteriefelynxs.fr\/site\/wp-content\/uploads\/2019\/08\/elevage-couleurs.jpg\" alt=\"\" width=\"430\" height=\"573\" srcset=\"http:\/\/chatteriefelynxs.fr\/site\/wp-content\/uploads\/2019\/08\/elevage-couleurs.jpg 540w, http:\/\/chatteriefelynxs.fr\/site\/wp-content\/uploads\/2019\/08\/elevage-couleurs-225x300.jpg 225w\" sizes=\"auto, (max-width: 430px) 100vw, 430px\" \/><\/p>\n<p><span class=\"_5yl5\"><u>Ph\u00e9notype (la morphologie ) :<\/u><br \/>\nUne des plus grandes races dans le monde du f\u00e9lin! C\u2019est une impressionnante masse poilue au look et regard sauvages, qui n&#8217;emp\u00eache pas le Maine Coon d&rsquo;\u00eatre un chat gracieux affectueux et tendre. Comme toutes les grandes races, le Maine Coon m\u00fbrit lentement et n&rsquo;obtient sa stature d\u00e9finitive que vers l&rsquo;\u00e2ge de 3\/4ans.<br \/>\n<\/span><span class=\"_5yl5\">&#8211; Le Maine Coon doit \u00eatre grand, avec un corps long et rectangulaire !<br \/>\n<\/span><span class=\"_5yl5\">&#8211; Sa musculature et ossature doivent \u00eatre solide avec des pattes puissantes !<br \/>\n<\/span><span class=\"_5yl5\">&#8211; Une grande t\u00eate en harmonie avec le corps et un beau museau et des grande oreilles !<br \/>\n&#8211; Enfin, les yeux l\u00e9g\u00e8rement ovales avec prolonge par une longue queue \u00e0 poils flottants. <\/span><\/p>\n<p><img loading=\"lazy\" decoding=\"async\" class=\"aligncenter wp-image-635\" src=\"http:\/\/chatteriefelynxs.fr\/site\/wp-content\/uploads\/2019\/08\/elevage-phenotype.jpg\" alt=\"\" width=\"430\" height=\"645\" srcset=\"http:\/\/chatteriefelynxs.fr\/site\/wp-content\/uploads\/2019\/08\/elevage-phenotype.jpg 640w, http:\/\/chatteriefelynxs.fr\/site\/wp-content\/uploads\/2019\/08\/elevage-phenotype-200x300.jpg 200w\" sizes=\"auto, (max-width: 430px) 100vw, 430px\" \/><\/p>\n<h4><em><span class=\"_5yl5\">Notre vision <\/span><\/em><\/h4>\n<p><span class=\"_5yl5\">Nous aimons l\u2019extr\u00eame c\u2019est pour cela qui nous souhaitons travailler et am\u00e9liorer la race en tenant en compte certains crit\u00e8res en lien avec nos Maine Coon s\u00e9lectionn\u00e9s :<br \/>\n&#8211; <\/span><span class=\"_5yl5\">Un profil au plus proche du 90,<br \/>\n&#8211; <\/span><span class=\"_5yl5\">Des oreilles tr\u00e8s grandes\/hautes, serr\u00e9es avec un parfait placement,<br \/>\n&#8211; <\/span><span class=\"_5yl5\">Un museau bien carr\u00e9 et prononc\u00e9,<br \/>\n&#8211; U<\/span><span class=\"_5yl5\">n menton fort,<br \/>\n&#8211; <\/span><span class=\"_5yl5\">Un gabarit \u00e0 la hauteur de sa r\u00e9putation,<br \/>\n&#8211; <\/span><span class=\"_5yl5\">Un look sauvage .<br \/>\n<\/span><\/p>\n<div class=\"foogallery foogallery-container foogallery-default foogallery-lightbox-foobox fg-gutter-10 fg-center fg-default fg-light fg-shadow-outline fg-loading-default fg-loaded-fade-in fg-custom fg-caption-hover fg-hover-fade fg-hover-zoom\" id=\"foogallery-gallery-628\" data-foogallery=\"{&quot;item&quot;:{&quot;showCaptionTitle&quot;:true,&quot;showCaptionDescription&quot;:true},&quot;lazy&quot;:true,&quot;src&quot;:&quot;data-src-fg&quot;,&quot;srcset&quot;:&quot;data-srcset-fg&quot;}\" data-fg-common-fields=\"1\" >\r\n\t<div class=\"fg-item\"><figure class=\"fg-item-inner\"><a href=\"http:\/\/chatteriefelynxs.fr\/site\/wp-content\/uploads\/2019\/08\/elevage-notre-vision1.jpg\" data-attachment-id=\"629\" class=\"fg-thumb\"><span class=\"fg-image-wrap\"><img width=\"300\" height=\"300\" data-src-fg=\"http:\/\/chatteriefelynxs.fr\/site\/wp-content\/uploads\/cache\/2019\/08\/elevage-notre-vision1\/1231770050.jpg\" class=\"fg-image\" \/><\/span><\/a><figcaption class=\"fg-caption\"><div class=\"fg-caption-inner\"><\/div><\/figcaption><\/figure><div class=\"fg-loader\"><\/div><\/div><div class=\"fg-item\"><figure class=\"fg-item-inner\"><a href=\"http:\/\/chatteriefelynxs.fr\/site\/wp-content\/uploads\/2019\/08\/elevage-notre-vision2.jpg\" data-attachment-id=\"630\" class=\"fg-thumb\"><span class=\"fg-image-wrap\"><img width=\"300\" height=\"300\" data-src-fg=\"http:\/\/chatteriefelynxs.fr\/site\/wp-content\/uploads\/cache\/2019\/08\/elevage-notre-vision2\/744276501.jpg\" class=\"fg-image\" \/><\/span><\/a><figcaption class=\"fg-caption\"><div class=\"fg-caption-inner\"><\/div><\/figcaption><\/figure><div class=\"fg-loader\"><\/div><\/div><div class=\"fg-item\"><figure class=\"fg-item-inner\"><a href=\"http:\/\/chatteriefelynxs.fr\/site\/wp-content\/uploads\/2019\/08\/elevage-notre-vision3.jpg\" data-attachment-id=\"631\" class=\"fg-thumb\"><span class=\"fg-image-wrap\"><img width=\"300\" height=\"300\" data-src-fg=\"http:\/\/chatteriefelynxs.fr\/site\/wp-content\/uploads\/cache\/2019\/08\/elevage-notre-vision3\/3481839250.jpg\" class=\"fg-image\" \/><\/span><\/a><figcaption class=\"fg-caption\"><div class=\"fg-caption-inner\"><\/div><\/figcaption><\/figure><div class=\"fg-loader\"><\/div><\/div><div class=\"fg-item\"><figure class=\"fg-item-inner\"><a href=\"http:\/\/chatteriefelynxs.fr\/site\/wp-content\/uploads\/2019\/08\/elevage-notre-vision4.jpg\" data-attachment-id=\"632\" class=\"fg-thumb\"><span class=\"fg-image-wrap\"><img width=\"300\" height=\"300\" data-src-fg=\"http:\/\/chatteriefelynxs.fr\/site\/wp-content\/uploads\/cache\/2019\/08\/elevage-notre-vision4\/3033465760.jpg\" class=\"fg-image\" \/><\/span><\/a><figcaption class=\"fg-caption\"><div class=\"fg-caption-inner\"><\/div><\/figcaption><\/figure><div class=\"fg-loader\"><\/div><\/div><\/div>\r\n\n<p>&nbsp;<\/p>\n<p><span class=\"_5yl5\"><u>Consanguinit\u00e9 et pouvoir g\u00e9n\u00e9tique :<\/u><br \/>\nLa consanguinit\u00e9 (inbreeding) consiste \u00e0 marier des individus apparent\u00e9s. Dans un certain sens, tout animal est consanguin \u00e0 un certain degr\u00e9, dans la mesure o\u00f9 tous les membres d&rsquo;une esp\u00e8ce sont apparent\u00e9s, m\u00eame si tr\u00e8s distants. La consanguinit\u00e9 est commun\u00e9ment d\u00e9finie par le mariage d&rsquo;individus \u00e9troitement apparent\u00e9s. la forme la plus extr\u00eame d&rsquo;inbreeding \u00e9tant le mariage du p\u00e8re et de la fille (ou de la m\u00e8re et du fils), suivie de pr\u00e8s par le croisement du fr\u00e8re et de la s\u0153ur, puis du demi-fr\u00e8re et de sa demi-s\u0153ur, du grand-parent avec le petit-enfant, avec ensuite les cousins au premier degr\u00e9 ou bien l&rsquo;oncle et la ni\u00e8ce (ou la tante et le neveu). Dans des relations plus distantes. Chaque chat a un pourcentage de consanguinit\u00e9 en fonction de son p\u00e9digr\u00e9e. <\/span><\/p>\n<p><span class=\"_5yl5\">\u00c0 l&rsquo;heure actuelle la consanguinit\u00e9 compl\u00e8te tourne en moyenne entre 15 % et 20 % chez le Maine Coon en faisant des mariages o\u00f9 il n&rsquo;y a pas d&rsquo;anc\u00eatres communs sur 4 g\u00e9n\u00e9rations et plus. L\u2019importance pour nous d\u2019une consanguinit\u00e9 dans la norme \u00e0 basse ! En effet, la consanguinit\u00e9 transmet les g\u00e8nes recherch\u00e9s mais l&rsquo;autre face est moins reluisante puisqu&rsquo;elle transmet \u00e9galement les tares et maladies g\u00e9n\u00e9tiques. Plus le taux est bas et mieux se sera&#8230; Nos chat sont dans la norme puisque Lucky Charm est \u00e0 15,3%, Romina \u00e0 16,3% et Daisy \u00e0 15,6% !<br \/>\nPour l&rsquo;\u00e9tude de la g\u00e9n\u00e9tique et le calcul de la consanguinit\u00e9 de nos Maine Coon, un outil tr\u00e8s utile est \u00e0 notre disposition :<span style=\"color: #008000;\"><a style=\"color: #008000;\" href=\"https:\/\/pawpeds.com\/db\/?a=sf&amp;g=4&amp;p=mco&amp;date=iso&amp;o=ajgrep\" target=\"_blank\" rel=\"noopener noreferrer\"> la database de Pawpeds<\/a> .<\/span><\/span><\/p>\n<p><a href=\"https:\/\/pawpeds.com\/\" target=\"_blank\" rel=\"noopener noreferrer\"><img loading=\"lazy\" decoding=\"async\" class=\"aligncenter wp-image-618 size-full\" src=\"http:\/\/chatteriefelynxs.fr\/site\/wp-content\/uploads\/2019\/08\/ppbanner1.gif\" alt=\"\" width=\"370\" height=\"87\" \/><\/a><\/p>\n<p><span class=\"_5yl5\"><u>G\u00e9n\u00e9tique et sant\u00e9\u00a0 :<\/u><br \/>\nAvoir des chats sains pour transmettre du sain est notre priorit\u00e9! Les tests de sant\u00e9 (g\u00e9n\u00e9tique et PCR) sont obligatoire chez nous! Tous nos chats sont n\u00e9gatifs pour les maladies : HCM, PKDef, SMA et Pkd, n\u00e9gatif FIV et FELV. D\u00e9pistage r\u00e9gulier par \u00e9chographie pour les reins et le c\u0153ur.<\/span><span class=\"_5yl5\" style=\"color: #008000;\">\u00a0<a style=\"color: #008000;\" href=\"http:\/\/chatteriefelynxs.fr\/site\/sante\/\"> En savoir plus sur ces maladies.<\/a><\/span><\/p>\n<p>De plus, nos chats sont d\u00e9pist\u00e9s une fois par an pour les maladies virales calcivirus, herpes virus et Coronavirus par PCR (Polymerase Chain Reaction) via le laboratoire Scanelis qui sont des maladies contagieuses aux cons\u00e9quences graves. La sant\u00e9 est notre priorit\u00e9 et elle passe aussi par la.<\/p>\n<table id=\"evenement\">\n<tbody>\n<tr>\n<td style=\"text-align: center;\" valign=\"middle\" width=\"33%\"><a href=\"https:\/\/www.genindexe.com\/\" target=\"_blank\" rel=\"noopener noreferrer\"><img loading=\"lazy\" decoding=\"async\" class=\"alignnone wp-image-622\" src=\"http:\/\/chatteriefelynxs.fr\/site\/wp-content\/uploads\/2019\/08\/genindexe.jpg\" alt=\"\" width=\"339\" height=\"200\" \/><\/a><\/td>\n<td valign=\"middle\" width=\"33%\"><a href=\"https:\/\/www.antagene.com\/fr\" target=\"_blank\" rel=\"noopener noreferrer\"><img loading=\"lazy\" decoding=\"async\" class=\"alignnone wp-image-625 aligncenter\" src=\"http:\/\/chatteriefelynxs.fr\/site\/wp-content\/uploads\/2019\/08\/antagene.jpg\" alt=\"\" width=\"200\" height=\"200\" srcset=\"http:\/\/chatteriefelynxs.fr\/site\/wp-content\/uploads\/2019\/08\/antagene.jpg 471w, http:\/\/chatteriefelynxs.fr\/site\/wp-content\/uploads\/2019\/08\/antagene-150x150.jpg 150w, http:\/\/chatteriefelynxs.fr\/site\/wp-content\/uploads\/2019\/08\/antagene-300x300.jpg 300w\" sizes=\"auto, (max-width: 200px) 100vw, 200px\" \/><\/a><\/td>\n<td style=\"text-align: center;\" valign=\"middle\" width=\"33%\"><a href=\"http:\/\/www.scanelis.com\" target=\"_blank\" rel=\"noopener noreferrer\"><img loading=\"lazy\" decoding=\"async\" class=\"alignnone wp-image-623\" src=\"http:\/\/chatteriefelynxs.fr\/site\/wp-content\/uploads\/2019\/08\/scanelis.png\" alt=\"\" width=\"201\" height=\"200\" srcset=\"http:\/\/chatteriefelynxs.fr\/site\/wp-content\/uploads\/2019\/08\/scanelis.png 417w, http:\/\/chatteriefelynxs.fr\/site\/wp-content\/uploads\/2019\/08\/scanelis-150x150.png 150w, http:\/\/chatteriefelynxs.fr\/site\/wp-content\/uploads\/2019\/08\/scanelis-300x298.png 300w\" sizes=\"auto, (max-width: 201px) 100vw, 201px\" \/><\/a><\/td>\n<\/tr>\n<\/tbody>\n<\/table>\n<p><span class=\"_5yl5\"><u> Reproduction :<\/u><br \/>\nNos femelles reproductrices ne sont pas ici pour enchainer port\u00e9e sur port\u00e9e. De ce fait, dans un souci de maintien en bonne sant\u00e9 et de conserver un \u00e9quilibre physique et psychologique, chacune n\u2019a\/n\u2019aura qu\u2019une port\u00e9e annuelle.<\/span><\/p>\n<p><span class=\"_5yl5\"><u>Exposition f\u00e9line :<\/u><br \/>\n<\/span><span class=\"_5yl5\"> Nous aimons voyager et montrer nos loulous en exposition f\u00e9line afin d\u2019avoir des avis par des juges internationaux en LOOF, TICA, FIF\u00e9 et WCF ! De plus, montrer notre travail et donc avoir un avis sur nos chats\/chatons n\u00e9s chez nous est important ! De ce fait, l\u2019exposition f\u00e9line apporte un plus et aide \u00e0 confirmer notre politique d\u2019\u00e9levage, de maintenir nos plans de mariages et d\u2019affirmer le bon choix de s\u00e9lection des adultes et chatons.<br \/>\n<\/span><\/p>\n<table id=\"evenement\">\n<tbody>\n<tr>\n<td style=\"text-align: center;\" valign=\"middle\" width=\"25%\"><a href=\"https:\/\/www.loof.asso.fr\" target=\"_blank\" rel=\"noopener noreferrer\"><img loading=\"lazy\" decoding=\"async\" class=\"alignnone wp-image-647\" src=\"http:\/\/chatteriefelynxs.fr\/site\/wp-content\/uploads\/2019\/08\/logo-loof.jpg\" alt=\"\" width=\"118\" height=\"170\" srcset=\"http:\/\/chatteriefelynxs.fr\/site\/wp-content\/uploads\/2019\/08\/logo-loof.jpg 300w, http:\/\/chatteriefelynxs.fr\/site\/wp-content\/uploads\/2019\/08\/logo-loof-208x300.jpg 208w\" sizes=\"auto, (max-width: 118px) 100vw, 118px\" \/><\/a><\/td>\n<td valign=\"middle\" width=\"25%\"><a href=\"https:\/\/tica.org\/fr\/\" target=\"_blank\" rel=\"noopener noreferrer\"><img loading=\"lazy\" decoding=\"async\" class=\"aligncenter wp-image-644\" src=\"http:\/\/chatteriefelynxs.fr\/site\/wp-content\/uploads\/2019\/08\/logo-tica.jpg\" alt=\"\" width=\"201\" height=\"170\" srcset=\"http:\/\/chatteriefelynxs.fr\/site\/wp-content\/uploads\/2019\/08\/logo-tica.jpg 960w, http:\/\/chatteriefelynxs.fr\/site\/wp-content\/uploads\/2019\/08\/logo-tica-300x253.jpg 300w, http:\/\/chatteriefelynxs.fr\/site\/wp-content\/uploads\/2019\/08\/logo-tica-768x649.jpg 768w\" sizes=\"auto, (max-width: 201px) 100vw, 201px\" \/><\/a><\/td>\n<td style=\"text-align: center;\" valign=\"middle\" width=\"25%\"><a href=\"https:\/\/www.fff-asso.fr\/\" target=\"_blank\" rel=\"noopener noreferrer\"><img loading=\"lazy\" decoding=\"async\" class=\"alignnone wp-image-648\" src=\"http:\/\/chatteriefelynxs.fr\/site\/wp-content\/uploads\/2019\/08\/logo-fff.jpg\" alt=\"\" width=\"311\" height=\"170\" srcset=\"http:\/\/chatteriefelynxs.fr\/site\/wp-content\/uploads\/2019\/08\/logo-fff.jpg 366w, http:\/\/chatteriefelynxs.fr\/site\/wp-content\/uploads\/2019\/08\/logo-fff-300x164.jpg 300w\" sizes=\"auto, (max-width: 311px) 100vw, 311px\" \/><\/a><\/td>\n<td style=\"text-align: center;\" valign=\"middle\" width=\"25%\"><a href=\"http:\/\/www.wcf-online.de\/\" target=\"_blank\" rel=\"noopener noreferrer\"><img loading=\"lazy\" decoding=\"async\" class=\"alignnone wp-image-645\" src=\"http:\/\/chatteriefelynxs.fr\/site\/wp-content\/uploads\/2019\/08\/logo-wcf.jpg\" alt=\"\" width=\"171\" height=\"170\" srcset=\"http:\/\/chatteriefelynxs.fr\/site\/wp-content\/uploads\/2019\/08\/logo-wcf.jpg 642w, http:\/\/chatteriefelynxs.fr\/site\/wp-content\/uploads\/2019\/08\/logo-wcf-150x150.jpg 150w, http:\/\/chatteriefelynxs.fr\/site\/wp-content\/uploads\/2019\/08\/logo-wcf-300x298.jpg 300w\" sizes=\"auto, (max-width: 171px) 100vw, 171px\" \/><\/a><\/td>\n<\/tr>\n<\/tbody>\n<\/table>\n<p><img loading=\"lazy\" decoding=\"async\" class=\"wp-image-637 aligncenter\" src=\"http:\/\/chatteriefelynxs.fr\/site\/wp-content\/uploads\/2019\/08\/elevage-expo.jpg\" alt=\"\" width=\"430\" height=\"559\" srcset=\"http:\/\/chatteriefelynxs.fr\/site\/wp-content\/uploads\/2019\/08\/elevage-expo.jpg 330w, http:\/\/chatteriefelynxs.fr\/site\/wp-content\/uploads\/2019\/08\/elevage-expo-231x300.jpg 231w\" sizes=\"auto, (max-width: 430px) 100vw, 430px\" \/><\/p>\n<p><u>Vente des chatons :<\/u><br \/>\n<span class=\"_5yl5\">Nous vendons exclusivement pour compagnie. Les seules conditions de vente en reproduction sont aux personnes \/ \u00e9levages que nous connaissons tr\u00e8s bien ou de r\u00e9putation et qui sont exemplaires niveau sanitaire, tests g\u00e9n\u00e9tiques et PCR, sans enclos, avec une politique d\u2019\u00e9levage identique \u00e0 la notre et qui vont en exposition f\u00e9line.<\/span><\/p>\n","protected":false},"excerpt":{"rendered":"<p>\u2018\u2019Tels sont les yeux, tel est le corps.\u2019\u2019 (Hippocrate) Un beau chat, sociable, harmonieux, typ\u00e9, parfaitement en lien avec le standard.. sans d\u00e9faut et en parfaite sant\u00e9 ! Plusieurs crit\u00e8res sont pris en compte chez nous : Les couleurs \/ mariages : Nous pensons que diff\u00e9rentes couleurs sont essentielles pour la vari\u00e9t\u00e9. Nous avons opt\u00e9 <a class=\"read-more\" href=\"http:\/\/chatteriefelynxs.fr\/site\/conditions-delevage\/\">Read More<\/a><\/p>\n","protected":false},"author":1,"featured_media":0,"parent":0,"menu_order":0,"comment_status":"closed","ping_status":"closed","template":"","meta":{"footnotes":""},"class_list":["post-537","page","type-page","status-publish","hentry"],"_links":{"self":[{"href":"http:\/\/chatteriefelynxs.fr\/site\/wp-json\/wp\/v2\/pages\/537","targetHints":{"allow":["GET"]}}],"collection":[{"href":"http:\/\/chatteriefelynxs.fr\/site\/wp-json\/wp\/v2\/pages"}],"about":[{"href":"http:\/\/chatteriefelynxs.fr\/site\/wp-json\/wp\/v2\/types\/page"}],"author":[{"embeddable":true,"href":"http:\/\/chatteriefelynxs.fr\/site\/wp-json\/wp\/v2\/users\/1"}],"replies":[{"embeddable":true,"href":"http:\/\/chatteriefelynxs.fr\/site\/wp-json\/wp\/v2\/comments?post=537"}],"version-history":[{"count":44,"href":"http:\/\/chatteriefelynxs.fr\/site\/wp-json\/wp\/v2\/pages\/537\/revisions"}],"predecessor-version":[{"id":664,"href":"http:\/\/chatteriefelynxs.fr\/site\/wp-json\/wp\/v2\/pages\/537\/revisions\/664"}],"wp:attachment":[{"href":"http:\/\/chatteriefelynxs.fr\/site\/wp-json\/wp\/v2\/media?parent=537"}],"curies":[{"name":"wp","href":"https:\/\/api.w.org\/{rel}","templated":true}]}}