{"id":535,"date":"2019-08-14T12:26:53","date_gmt":"2019-08-14T11:26:53","guid":{"rendered":"http:\/\/chatteriefelynxs.fr\/site\/?page_id=535"},"modified":"2019-08-26T14:07:31","modified_gmt":"2019-08-26T13:07:31","slug":"alimentation","status":"publish","type":"page","link":"http:\/\/chatteriefelynxs.fr\/site\/alimentation\/","title":{"rendered":"Alimentation"},"content":{"rendered":"<blockquote>\n<p style=\"text-align: left;\"><span id=\"cch_f379744d5a29af6\" class=\"_mh6 _wsc\"><span class=\"_3oh- _58nk\"><strong>\u201cQue ton aliment soit ta seule m\u00e9decine !\u201d (Hippocrate)<\/strong> <\/span><\/span><\/p>\n<\/blockquote>\n<p><span id=\"cch_f379744d5a29af6\" class=\"_mh6 _wsc\"><span class=\"_3oh- _58nk\">Une bonne alimentation permet d&rsquo;\u00eatre en bonne sant\u00e9&#8230; Le chat peut faire jusqu&rsquo;\u00e0 16 repas par jour, de 1 \u00e0 2 minutes chacun&#8230; La nourriture pour chat d\u00e9signe les aliments \u00e9labor\u00e9s pour le chat domestique. Ces aliments peuvent se pr\u00e9senter sous forme s\u00e8che, en granul\u00e9s, appel\u00e9s \u00ab croquettes \u00bb, ou humide, dans des \u00ab sachets fra\u00eecheur \u00bb, ou conserv\u00e9e dans des bo\u00eetes scell\u00e9es. <\/span><\/span><\/p>\n<p><span id=\"cch_f379744d5a29af6\" class=\"_mh6 _wsc\"><span class=\"_3oh- _58nk\">La nourriture est la base de la sant\u00e9 pour un animal ! Une bonne alimentation permet d&rsquo;\u00eatre en bonne sant\u00e9. Ces deux notions sont ins\u00e9parables ! Plus elle sera de qualit\u00e9, plus l\u2019animal sera en bonne sant\u00e9. Le chat peut faire jusqu&rsquo;\u00e0 16 repas par jour, de 1 \u00e0 2 minutes chacun. On dit les chats difficiles. Le terme de \u00ab\u00a0maniaque\u00a0\u00bb leur conviendrait mieux ! En effet, un chat ne touchera jamais de la nourriture dont la fra\u00eecheur lui semble douteuse. De m\u00eame, il boudera sa gamelle si vous la placez trop pr\u00e8s de sa liti\u00e8re. Enfin, vous avez tout int\u00e9r\u00eat \u00e0 lui choisir une gamelle d&rsquo;une propret\u00e9 irr\u00e9prochable et parfaitement rinc\u00e9e, surtout pas trop profonde car votre nouvel ami veut pouvoir guetter ce qui se passe autour de lui pendant qu&rsquo;il mange. Idem pour son eau de boisson, \u00e0 lui laisser \u00e0 disposition 24 heures sur 24.<\/span><\/span><\/p>\n<p><span id=\"cch_f379744d5a29af6\" class=\"_mh6 _wsc\"><span class=\"_3oh- _58nk\">Concernant cette nourriture pour chat : p\u00e2t\u00e9s, croquettes ou cru ? <\/span><\/span><\/p>\n<h4><span id=\"cch_f379744d5a29af6\" class=\"_mh6 _wsc\"><span class=\"_3oh- _58nk\"><em>Chez nous c\u2019est les trois !<\/em> <\/span><\/span><\/h4>\n<p><span id=\"cch_f379744d5a29af6\" class=\"_mh6 _wsc\"><span class=\"_3oh- _58nk\"><u>Les croquettes :<\/u><br \/>\nIci nous privil\u00e9gions le haut de gamme et le riche en prot\u00e9ine, en vente chez les v\u00e9t\u00e9rinaires ou site sp\u00e9cifique. La nourriture est accessible 24 heures sur 24 (ils adorent picorer) !<br \/>\n<\/span><\/span><span id=\"cch_f379744d5a29af6\" class=\"_mh6 _wsc\"><span class=\"_3oh- _58nk\">Nos gammes utilis\u00e9es : <\/span><\/span><\/p>\n<ul>\n<li style=\"list-style-type: none;\">\n<ul>\n<li style=\"list-style-type: none;\">\n<ul>\n<li><span id=\"cch_f379744d5a29af6\" class=\"_mh6 _wsc\"><span class=\"_3oh- _58nk\">Purizon poisson (riche en prot\u00e9ine et sans c\u00e9r\u00e9ales),<\/span><\/span><\/li>\n<li><span id=\"cch_f379744d5a29af6\" class=\"_mh6 _wsc\"><span class=\"_3oh- _58nk\">Orijen <span class=\"st\">Regional Red<\/span> (riche en prot\u00e9ine et sans c\u00e9r\u00e9ales), <\/span><\/span><\/li>\n<li><span id=\"cch_f379744d5a29af6\" class=\"_mh6 _wsc\"><span class=\"_3oh- _58nk\">Granatapet sterilised (riche en prot\u00e9ine, pomme de terre et sans c\u00e9r\u00e9ales), <\/span><\/span><\/li>\n<li><span class=\"_mh6 _wsc\"><span class=\"_mh6 _wsc\"><span class=\"_3oh- _58nk\">Hill\u2019s VetEssentials feline young (riche en prot\u00e9ine).<\/span><\/span><\/span><\/li>\n<\/ul>\n<\/li>\n<\/ul>\n<\/li>\n<\/ul>\n<div class=\"foogallery foogallery-container foogallery-default foogallery-lightbox-foobox fg-gutter-10 fg-center fg-default fg-light fg-shadow-outline fg-loading-default fg-loaded-fade-in fg-custom fg-caption-hover fg-hover-fade fg-hover-zoom\" id=\"foogallery-gallery-584\" data-foogallery=\"{&quot;item&quot;:{&quot;showCaptionTitle&quot;:true,&quot;showCaptionDescription&quot;:true},&quot;lazy&quot;:true,&quot;src&quot;:&quot;data-src-fg&quot;,&quot;srcset&quot;:&quot;data-srcset-fg&quot;}\" data-fg-common-fields=\"1\" >\r\n\t<div class=\"fg-item\"><figure class=\"fg-item-inner\"><a href=\"http:\/\/chatteriefelynxs.fr\/site\/wp-content\/uploads\/2019\/08\/alimentation-croquettes1.jpg\" data-attachment-id=\"567\" class=\"fg-thumb\"><span class=\"fg-image-wrap\"><img width=\"300\" height=\"300\" data-src-fg=\"http:\/\/chatteriefelynxs.fr\/site\/wp-content\/uploads\/cache\/2019\/08\/alimentation-croquettes1\/3201996513.jpg\" class=\"fg-image\" \/><\/span><\/a><figcaption class=\"fg-caption\"><div class=\"fg-caption-inner\"><\/div><\/figcaption><\/figure><div class=\"fg-loader\"><\/div><\/div><div class=\"fg-item\"><figure class=\"fg-item-inner\"><a href=\"http:\/\/chatteriefelynxs.fr\/site\/wp-content\/uploads\/2019\/08\/alimentation-croquettes2.jpg\" data-attachment-id=\"568\" class=\"fg-thumb\"><span class=\"fg-image-wrap\"><img width=\"300\" height=\"300\" data-src-fg=\"http:\/\/chatteriefelynxs.fr\/site\/wp-content\/uploads\/cache\/2019\/08\/alimentation-croquettes2\/3510356991.jpg\" class=\"fg-image\" \/><\/span><\/a><figcaption class=\"fg-caption\"><div class=\"fg-caption-inner\"><\/div><\/figcaption><\/figure><div class=\"fg-loader\"><\/div><\/div><\/div>\r\n\n<p>&nbsp;<\/p>\n<p><span id=\"cch_f379744d5a29af6\" class=\"_mh6 _wsc\"><span class=\"_3oh- _58nk\"><u>La p\u00e2t\u00e9 (l\u2019humide) :<\/u><br \/>\nLa composition de la nourriture humide (bo\u00eetes, p\u00e2t\u00e9es, sachets) est \u00e9quivalente \u00e0 la composition nutritionnelle des proies naturelles des chats. Que ce soit en compl\u00e9ment des croquettes pour chat ou en alimentation principale, l\u2019alimentation humide permet d\u2019apporter de l\u2019eau \u00e0 votre chat. La teneur en eau de la nourriture humide pr\u00e9vient les risques de probl\u00e8mes r\u00e9naux et\/ou urinaires (cristaux et cystites). Mousses, p\u00e2t\u00e9es, gel\u00e9es\u2026 il existe une large vari\u00e9t\u00e9 de nourriture humide. \u2018\u2019Laisse ta nourriture \u00eatre ton rem\u00e8de et ton rem\u00e8de ta nourriture\u2019\u2019. (Hypocrate). Contrairement au chien, le chat est un carnivore strict. Il a donc besoin d\u2019un apport en prot\u00e9ines animales issues de viandes et d\u2019abats \u00e9lev\u00e9. Ses proies naturelles sont compos\u00e9es \u00e0 70% d\u2019eau en moyenne et cet apport en eau ne peut provenir des croquettes, \u00e0 moins de les r\u00e9hydrater. L\u2019alimentation humide, telles que les p\u00e2t\u00e9es, les mousses ou les gel\u00e9es sont souvent compos\u00e9es \u00e0 60-80% d\u2019eau. Une bonne nourriture humide pour chat doit comprendre un taux de prot\u00e9ines de 9 \u00e0 11%, tr\u00e8s peu de glucides (moins de 3%) et entre 4 \u00e0 7% de mati\u00e8res grasses. La composition doit id\u00e9alement \u00eatre riche en viande et en abats.<br \/>\nNos gammes utilis\u00e9es :\u00a0<\/span><\/span><\/p>\n<ul>\n<li style=\"list-style-type: none;\">\n<ul>\n<li style=\"list-style-type: none;\">\n<ul>\n<li><span id=\"cch_f379744d5a29af6\" class=\"_mh6 _wsc\"><span class=\"_3oh- _58nk\"> Almo nature legend <\/span><\/span><\/li>\n<li><span id=\"cch_f379744d5a29af6\" class=\"_mh6 _wsc\"><span class=\"_3oh- _58nk\">Sch\u00e9sir <\/span><\/span><\/li>\n<li><span id=\"cch_f379744d5a29af6\" class=\"_mh6 _wsc\"><span class=\"_3oh- _58nk\">Cosma Tha\u00ef.<\/span><\/span><\/li>\n<li><span id=\"cch_f379744d5a29af6\" class=\"_mh6 _wsc\"><span class=\"_3oh- _58nk\"> Royal CaninKitten (pour les chatons)<\/span><\/span><\/li>\n<\/ul>\n<\/li>\n<\/ul>\n<\/li>\n<\/ul>\n<div class=\"foogallery foogallery-container foogallery-default foogallery-lightbox-foobox fg-gutter-10 fg-center fg-default fg-light fg-shadow-outline fg-loading-default fg-loaded-fade-in fg-custom fg-caption-hover fg-hover-fade fg-hover-zoom\" id=\"foogallery-gallery-587\" data-foogallery=\"{&quot;item&quot;:{&quot;showCaptionTitle&quot;:true,&quot;showCaptionDescription&quot;:true},&quot;lazy&quot;:true,&quot;src&quot;:&quot;data-src-fg&quot;,&quot;srcset&quot;:&quot;data-srcset-fg&quot;}\" data-fg-common-fields=\"1\" >\r\n\t<div class=\"fg-item\"><figure class=\"fg-item-inner\"><a href=\"http:\/\/chatteriefelynxs.fr\/site\/wp-content\/uploads\/2019\/08\/alimentation-humide1.jpg\" data-attachment-id=\"571\" class=\"fg-thumb\"><span class=\"fg-image-wrap\"><img width=\"300\" height=\"300\" data-src-fg=\"http:\/\/chatteriefelynxs.fr\/site\/wp-content\/uploads\/cache\/2019\/08\/alimentation-humide1\/3233840450.jpg\" class=\"fg-image\" \/><\/span><\/a><figcaption class=\"fg-caption\"><div class=\"fg-caption-inner\"><\/div><\/figcaption><\/figure><div class=\"fg-loader\"><\/div><\/div><div class=\"fg-item\"><figure class=\"fg-item-inner\"><a href=\"http:\/\/chatteriefelynxs.fr\/site\/wp-content\/uploads\/2019\/08\/alimentation-humide4.jpg\" data-attachment-id=\"574\" class=\"fg-thumb\"><span class=\"fg-image-wrap\"><img width=\"300\" height=\"300\" data-src-fg=\"http:\/\/chatteriefelynxs.fr\/site\/wp-content\/uploads\/cache\/2019\/08\/alimentation-humide4\/3713701354.jpg\" class=\"fg-image\" \/><\/span><\/a><figcaption class=\"fg-caption\"><div class=\"fg-caption-inner\"><\/div><\/figcaption><\/figure><div class=\"fg-loader\"><\/div><\/div><div class=\"fg-item\"><figure class=\"fg-item-inner\"><a href=\"http:\/\/chatteriefelynxs.fr\/site\/wp-content\/uploads\/2019\/08\/alimentation-humide3.jpg\" data-attachment-id=\"573\" class=\"fg-thumb\"><span class=\"fg-image-wrap\"><img width=\"300\" height=\"300\" data-src-fg=\"http:\/\/chatteriefelynxs.fr\/site\/wp-content\/uploads\/cache\/2019\/08\/alimentation-humide3\/2698266183.jpg\" class=\"fg-image\" \/><\/span><\/a><figcaption class=\"fg-caption\"><div class=\"fg-caption-inner\"><\/div><\/figcaption><\/figure><div class=\"fg-loader\"><\/div><\/div><div class=\"fg-item\"><figure class=\"fg-item-inner\"><a href=\"http:\/\/chatteriefelynxs.fr\/site\/wp-content\/uploads\/2019\/08\/alimentation-humide2.jpg\" data-attachment-id=\"572\" class=\"fg-thumb\"><span class=\"fg-image-wrap\"><img width=\"300\" height=\"300\" data-src-fg=\"http:\/\/chatteriefelynxs.fr\/site\/wp-content\/uploads\/cache\/2019\/08\/alimentation-humide2\/2103892197.jpg\" class=\"fg-image\" \/><\/span><\/a><figcaption class=\"fg-caption\"><div class=\"fg-caption-inner\"><\/div><\/figcaption><\/figure><div class=\"fg-loader\"><\/div><\/div><\/div>\r\n\n<p>&nbsp;<\/p>\n<p><span id=\"cch_f379744d5a29af6\" class=\"_mh6 _wsc\"><span class=\"_3oh- _58nk\"><u>Le cru (raw feeding) :<\/u><br \/>\nL\u2019alimentation naturelle se propose de consid\u00e9rer autrement la nourriture de votre chat. Sachant que c\u2019est un animal carnivore strict, le r\u00e9gime naturel est bas\u00e9 sur la consommation de viande crue. Le principe g\u00e9n\u00e9ral est de consid\u00e9rer que la meilleure fa\u00e7on de nourrir son chat est de le faire comme lorsque l\u2019animal vivait en libert\u00e9 dans la nature : viande, abats, poisson cru et os charnus.<\/span><\/span><\/p>\n<div class=\"foogallery foogallery-container foogallery-default foogallery-lightbox-foobox fg-gutter-10 fg-center fg-default fg-light fg-shadow-outline fg-loading-default fg-loaded-fade-in fg-custom fg-caption-hover fg-hover-fade fg-hover-zoom\" id=\"foogallery-gallery-590\" data-foogallery=\"{&quot;item&quot;:{&quot;showCaptionTitle&quot;:true,&quot;showCaptionDescription&quot;:true},&quot;lazy&quot;:true,&quot;src&quot;:&quot;data-src-fg&quot;,&quot;srcset&quot;:&quot;data-srcset-fg&quot;}\" data-fg-common-fields=\"1\" >\r\n\t<div class=\"fg-item\"><figure class=\"fg-item-inner\"><a href=\"http:\/\/chatteriefelynxs.fr\/site\/wp-content\/uploads\/2019\/08\/alimentation-cru3.jpg\" data-attachment-id=\"579\" class=\"fg-thumb\"><span class=\"fg-image-wrap\"><img width=\"300\" height=\"300\" data-src-fg=\"http:\/\/chatteriefelynxs.fr\/site\/wp-content\/uploads\/cache\/2019\/08\/alimentation-cru3\/355657592.jpg\" class=\"fg-image\" \/><\/span><\/a><figcaption class=\"fg-caption\"><div class=\"fg-caption-inner\"><\/div><\/figcaption><\/figure><div class=\"fg-loader\"><\/div><\/div><div class=\"fg-item\"><figure class=\"fg-item-inner\"><a href=\"http:\/\/chatteriefelynxs.fr\/site\/wp-content\/uploads\/2019\/08\/alimentation-cru4.jpg\" data-attachment-id=\"580\" class=\"fg-thumb\"><span class=\"fg-image-wrap\"><img width=\"300\" height=\"300\" data-src-fg=\"http:\/\/chatteriefelynxs.fr\/site\/wp-content\/uploads\/cache\/2019\/08\/alimentation-cru4\/3265974412.jpg\" class=\"fg-image\" \/><\/span><\/a><figcaption class=\"fg-caption\"><div class=\"fg-caption-inner\"><\/div><\/figcaption><\/figure><div class=\"fg-loader\"><\/div><\/div><div class=\"fg-item\"><figure class=\"fg-item-inner\"><a href=\"http:\/\/chatteriefelynxs.fr\/site\/wp-content\/uploads\/2019\/08\/alimentation-cru2.jpg\" data-attachment-id=\"578\" class=\"fg-thumb\"><span class=\"fg-image-wrap\"><img width=\"300\" height=\"300\" data-src-fg=\"http:\/\/chatteriefelynxs.fr\/site\/wp-content\/uploads\/cache\/2019\/08\/alimentation-cru2\/921509498.jpg\" class=\"fg-image\" \/><\/span><\/a><figcaption class=\"fg-caption\"><div class=\"fg-caption-inner\"><\/div><\/figcaption><\/figure><div class=\"fg-loader\"><\/div><\/div><\/div>\r\n\n<p>&nbsp;<\/p>\n<blockquote>\n<p style=\"text-align: left;\"><strong><span id=\"cch_f379744d5a29af6\" class=\"_mh6 _wsc\"><span class=\"_3oh- _58nk\">\u00ab\u00a0<\/span><\/span><\/strong><span id=\"cch_f379744d5a29af6\" class=\"_mh6 _wsc\"><span class=\"_3oh- _58nk\"><strong>C&rsquo;est la nature qui gu\u00e9rit les malades. \u201d. (Hippocrate) <\/strong><\/span><\/span><\/p>\n<\/blockquote>\n<p><img loading=\"lazy\" decoding=\"async\" class=\"wp-image-581 aligncenter\" src=\"http:\/\/chatteriefelynxs.fr\/site\/wp-content\/uploads\/2019\/08\/souris.jpg\" alt=\"\" width=\"548\" height=\"300\" srcset=\"http:\/\/chatteriefelynxs.fr\/site\/wp-content\/uploads\/2019\/08\/souris.jpg 1125w, http:\/\/chatteriefelynxs.fr\/site\/wp-content\/uploads\/2019\/08\/souris-300x164.jpg 300w, http:\/\/chatteriefelynxs.fr\/site\/wp-content\/uploads\/2019\/08\/souris-768x421.jpg 768w, http:\/\/chatteriefelynxs.fr\/site\/wp-content\/uploads\/2019\/08\/souris-1024x561.jpg 1024w\" sizes=\"auto, (max-width: 548px) 100vw, 548px\" \/><\/p>\n","protected":false},"excerpt":{"rendered":"<p>\u201cQue ton aliment soit ta seule m\u00e9decine !\u201d (Hippocrate) Une bonne alimentation permet d&rsquo;\u00eatre en bonne sant\u00e9&#8230; Le chat peut faire jusqu&rsquo;\u00e0 16 repas par jour, de 1 \u00e0 2 minutes chacun&#8230; La nourriture pour chat d\u00e9signe les aliments \u00e9labor\u00e9s pour le chat domestique. Ces aliments peuvent se pr\u00e9senter sous forme s\u00e8che, en granul\u00e9s, appel\u00e9s <a class=\"read-more\" href=\"http:\/\/chatteriefelynxs.fr\/site\/alimentation\/\">Read More<\/a><\/p>\n","protected":false},"author":1,"featured_media":0,"parent":0,"menu_order":0,"comment_status":"closed","ping_status":"closed","template":"","meta":{"footnotes":""},"class_list":["post-535","page","type-page","status-publish","hentry"],"_links":{"self":[{"href":"http:\/\/chatteriefelynxs.fr\/site\/wp-json\/wp\/v2\/pages\/535","targetHints":{"allow":["GET"]}}],"collection":[{"href":"http:\/\/chatteriefelynxs.fr\/site\/wp-json\/wp\/v2\/pages"}],"about":[{"href":"http:\/\/chatteriefelynxs.fr\/site\/wp-json\/wp\/v2\/types\/page"}],"author":[{"embeddable":true,"href":"http:\/\/chatteriefelynxs.fr\/site\/wp-json\/wp\/v2\/users\/1"}],"replies":[{"embeddable":true,"href":"http:\/\/chatteriefelynxs.fr\/site\/wp-json\/wp\/v2\/comments?post=535"}],"version-history":[{"count":19,"href":"http:\/\/chatteriefelynxs.fr\/site\/wp-json\/wp\/v2\/pages\/535\/revisions"}],"predecessor-version":[{"id":605,"href":"http:\/\/chatteriefelynxs.fr\/site\/wp-json\/wp\/v2\/pages\/535\/revisions\/605"}],"wp:attachment":[{"href":"http:\/\/chatteriefelynxs.fr\/site\/wp-json\/wp\/v2\/media?parent=535"}],"curies":[{"name":"wp","href":"https:\/\/api.w.org\/{rel}","templated":true}]}}