{"id":498,"date":"2019-08-09T18:04:37","date_gmt":"2019-08-09T17:04:37","guid":{"rendered":"http:\/\/chatteriefelynxs.fr\/site\/?page_id=498"},"modified":"2019-08-25T22:00:10","modified_gmt":"2019-08-25T21:00:10","slug":"quisommesnous","status":"publish","type":"page","link":"http:\/\/chatteriefelynxs.fr\/site\/quisommesnous\/","title":{"rendered":"Pr\u00e9sentation"},"content":{"rendered":"<h3>Qui sommes-nous ?<\/h3>\n<h3><span class=\"_5yl5\"> <img loading=\"lazy\" decoding=\"async\" class=\"alignright wp-image-467\" src=\"http:\/\/chatteriefelynxs.fr\/site\/wp-content\/uploads\/2019\/08\/photo-presentation.jpg\" alt=\"\" width=\"200\" height=\"434\" srcset=\"http:\/\/chatteriefelynxs.fr\/site\/wp-content\/uploads\/2019\/08\/photo-presentation.jpg 332w, http:\/\/chatteriefelynxs.fr\/site\/wp-content\/uploads\/2019\/08\/photo-presentation-138x300.jpg 138w\" sizes=\"auto, (max-width: 200px) 100vw, 200px\" \/><\/span><\/h3>\n<p><span class=\"_5yl5\">L<\/span><span class=\"_5yl5\">\u2019<\/span><span class=\"_5yl5\">aventure a commenc\u00e9 pour nous en 2014 avec le Maine Coon ! Depuis tout jeune, les chats \u00e9taient pr\u00e9sents \u00e0 la maison. Ils \u00e9taient comme des membres de la famille. La passion du chat a \u00e9t\u00e9 transmise de g\u00e9n\u00e9ration en g\u00e9n\u00e9ration. <\/span><\/p>\n<p><span class=\"_5yl5\">Un jour par hasard, lors d\u2019une balade en exposition f\u00e9line nous avons d\u00e9couvert les chats de race. Nous sommes tomb\u00e9s face au Maine Coon ! Cette immense cr\u00e9ature poilue,\u00a0 avec une impressionnante prestance, un charisme d\u00e9bordant, et un caract\u00e8re si sociable et zen&#8230; En qu\u00eate d\u2019un compagnon et apr\u00e8s x recherches, nous sommes tomb\u00e9s sur Giteau, notre <\/span><span class=\"_5yl5\">fid\u00e8le compagnon depuis 2014 ! <\/span><\/p>\n<p><span class=\"_5yl5\">Apr\u00e8s une formation sur les animaux (CCAD), de la documentation sur la race, apr\u00e8s un essai en expo, puis deux, nous voila dans le monde f\u00e9lin. Giteau avait besoin d\u2019un copain car il n\u2019aimait pas \u00eatre seul, alors Lucky est arriv\u00e9&#8230; puis quelques temps apr\u00e8s c\u2019\u00e9tait au tour de Romi. Plus tard Daisy a rejoint la team, et enfin Puppie. Nous avons approfondi nos connaissance avec le temps, \u00e9chang\u00e9 avec des \u00e9leveurs talentueux et essay\u00e9 d\u2019avoir la structure adapt\u00e9e pour nos Coons.\u00a0<\/span><\/p>\n<h3><span class=\"_5yl5\"> Ici c\u2019est la maison des chats<\/span><\/h3>\n<p><span class=\"_5yl5\">Nous vivons dans une maison de plus de 100m\u00b2 o\u00f9 les chats ont une chambre \u00e0 eux, de l\u2019espace pour courir ou avoir un endroit \u00e0 eux pour se poser,\u00a0 de nombreux points d\u2019alimentation\/hydratation et plusieurs endroits pour les besoins du quotidien. <\/span><\/p>\n<div class=\"foogallery foogallery-container foogallery-default foogallery-lightbox-foobox fg-gutter-10 fg-center fg-default fg-light fg-shadow-outline fg-loading-default fg-loaded-fade-in fg-custom fg-caption-hover fg-hover-fade fg-hover-zoom\" id=\"foogallery-gallery-474\" data-foogallery=\"{&quot;item&quot;:{&quot;showCaptionTitle&quot;:true,&quot;showCaptionDescription&quot;:true},&quot;lazy&quot;:true,&quot;src&quot;:&quot;data-src-fg&quot;,&quot;srcset&quot;:&quot;data-srcset-fg&quot;}\" data-fg-common-fields=\"1\" >\r\n\t<div class=\"fg-item\"><figure class=\"fg-item-inner\"><a href=\"http:\/\/chatteriefelynxs.fr\/site\/wp-content\/uploads\/2019\/08\/maison-8.jpg\" data-attachment-id=\"475\" class=\"fg-thumb\"><span class=\"fg-image-wrap\"><img width=\"240\" height=\"240\" data-src-fg=\"http:\/\/chatteriefelynxs.fr\/site\/wp-content\/uploads\/cache\/2019\/08\/maison-8\/1736198015.jpg\" class=\"fg-image\" \/><\/span><\/a><figcaption class=\"fg-caption\"><div class=\"fg-caption-inner\"><\/div><\/figcaption><\/figure><div class=\"fg-loader\"><\/div><\/div><div class=\"fg-item\"><figure class=\"fg-item-inner\"><a href=\"http:\/\/chatteriefelynxs.fr\/site\/wp-content\/uploads\/2019\/08\/maison-7.jpg\" data-attachment-id=\"476\" class=\"fg-thumb\"><span class=\"fg-image-wrap\"><img width=\"240\" height=\"240\" data-src-fg=\"http:\/\/chatteriefelynxs.fr\/site\/wp-content\/uploads\/cache\/2019\/08\/maison-7\/2687942083.jpg\" class=\"fg-image\" \/><\/span><\/a><figcaption class=\"fg-caption\"><div class=\"fg-caption-inner\"><\/div><\/figcaption><\/figure><div class=\"fg-loader\"><\/div><\/div><div class=\"fg-item\"><figure class=\"fg-item-inner\"><a href=\"http:\/\/chatteriefelynxs.fr\/site\/wp-content\/uploads\/2019\/08\/maison-6.jpg\" data-attachment-id=\"477\" class=\"fg-thumb\"><span class=\"fg-image-wrap\"><img width=\"240\" height=\"240\" data-src-fg=\"http:\/\/chatteriefelynxs.fr\/site\/wp-content\/uploads\/cache\/2019\/08\/maison-6\/3496614034.jpg\" class=\"fg-image\" \/><\/span><\/a><figcaption class=\"fg-caption\"><div class=\"fg-caption-inner\"><\/div><\/figcaption><\/figure><div class=\"fg-loader\"><\/div><\/div><div class=\"fg-item\"><figure class=\"fg-item-inner\"><a href=\"http:\/\/chatteriefelynxs.fr\/site\/wp-content\/uploads\/2019\/08\/maison-5.jpg\" data-attachment-id=\"478\" class=\"fg-thumb\"><span class=\"fg-image-wrap\"><img width=\"240\" height=\"240\" data-src-fg=\"http:\/\/chatteriefelynxs.fr\/site\/wp-content\/uploads\/cache\/2019\/08\/maison-5\/958682913.jpg\" class=\"fg-image\" \/><\/span><\/a><figcaption class=\"fg-caption\"><div class=\"fg-caption-inner\"><\/div><\/figcaption><\/figure><div class=\"fg-loader\"><\/div><\/div><div class=\"fg-item\"><figure class=\"fg-item-inner\"><a href=\"http:\/\/chatteriefelynxs.fr\/site\/wp-content\/uploads\/2019\/08\/maison-4.jpg\" data-attachment-id=\"479\" class=\"fg-thumb\"><span class=\"fg-image-wrap\"><img width=\"240\" height=\"240\" data-src-fg=\"http:\/\/chatteriefelynxs.fr\/site\/wp-content\/uploads\/cache\/2019\/08\/maison-4\/1232663152.jpg\" class=\"fg-image\" \/><\/span><\/a><figcaption class=\"fg-caption\"><div class=\"fg-caption-inner\"><\/div><\/figcaption><\/figure><div class=\"fg-loader\"><\/div><\/div><div class=\"fg-item\"><figure class=\"fg-item-inner\"><a href=\"http:\/\/chatteriefelynxs.fr\/site\/wp-content\/uploads\/2019\/08\/maison-3.jpg\" data-attachment-id=\"480\" class=\"fg-thumb\"><span class=\"fg-image-wrap\"><img width=\"240\" height=\"240\" data-src-fg=\"http:\/\/chatteriefelynxs.fr\/site\/wp-content\/uploads\/cache\/2019\/08\/maison-3\/1940255653.jpg\" class=\"fg-image\" \/><\/span><\/a><figcaption class=\"fg-caption\"><div class=\"fg-caption-inner\"><\/div><\/figcaption><\/figure><div class=\"fg-loader\"><\/div><\/div><div class=\"fg-item\"><figure class=\"fg-item-inner\"><a href=\"http:\/\/chatteriefelynxs.fr\/site\/wp-content\/uploads\/2019\/08\/maison-2.jpg\" data-attachment-id=\"481\" class=\"fg-thumb\"><span class=\"fg-image-wrap\"><img width=\"240\" height=\"240\" data-src-fg=\"http:\/\/chatteriefelynxs.fr\/site\/wp-content\/uploads\/cache\/2019\/08\/maison-2\/66672372.jpg\" class=\"fg-image\" \/><\/span><\/a><figcaption class=\"fg-caption\"><div class=\"fg-caption-inner\"><\/div><\/figcaption><\/figure><div class=\"fg-loader\"><\/div><\/div><div class=\"fg-item\"><figure class=\"fg-item-inner\"><a href=\"http:\/\/chatteriefelynxs.fr\/site\/wp-content\/uploads\/2019\/08\/maison-1.jpg\" data-attachment-id=\"482\" class=\"fg-thumb\"><span class=\"fg-image-wrap\"><img width=\"240\" height=\"240\" data-src-fg=\"http:\/\/chatteriefelynxs.fr\/site\/wp-content\/uploads\/cache\/2019\/08\/maison-1\/2468133127.jpg\" class=\"fg-image\" \/><\/span><\/a><figcaption class=\"fg-caption\"><div class=\"fg-caption-inner\"><\/div><\/figcaption><\/figure><div class=\"fg-loader\"><\/div><\/div><\/div>\r\n\n<p>&nbsp;<\/p>\n<p><span class=\"_5yl5\">Un ext\u00e9rieur s\u00e9curis\u00e9 est l\u00e0 pour apporter un bol d\u2019air frais au quotidien de tout le monde, chasser les mouches et autres volatiles pour entretenir l\u2019esprit f\u00e9lin . <\/span><\/p>\n<div class=\"foogallery foogallery-container foogallery-default foogallery-lightbox-foobox fg-gutter-10 fg-center fg-default fg-light fg-shadow-outline fg-loading-default fg-loaded-fade-in fg-custom fg-caption-hover fg-hover-fade fg-hover-zoom\" id=\"foogallery-gallery-487\" data-foogallery=\"{&quot;item&quot;:{&quot;showCaptionTitle&quot;:true,&quot;showCaptionDescription&quot;:true},&quot;lazy&quot;:true,&quot;src&quot;:&quot;data-src-fg&quot;,&quot;srcset&quot;:&quot;data-srcset-fg&quot;}\" data-fg-common-fields=\"1\" >\r\n\t<div class=\"fg-item\"><figure class=\"fg-item-inner\"><a href=\"http:\/\/chatteriefelynxs.fr\/site\/wp-content\/uploads\/2019\/08\/exterieur-3.jpg\" data-attachment-id=\"488\" class=\"fg-thumb\"><span class=\"fg-image-wrap\"><img width=\"240\" height=\"240\" data-src-fg=\"http:\/\/chatteriefelynxs.fr\/site\/wp-content\/uploads\/cache\/2019\/08\/exterieur-3\/2703401820.jpg\" class=\"fg-image\" \/><\/span><\/a><figcaption class=\"fg-caption\"><div class=\"fg-caption-inner\"><\/div><\/figcaption><\/figure><div class=\"fg-loader\"><\/div><\/div><div class=\"fg-item\"><figure class=\"fg-item-inner\"><a href=\"http:\/\/chatteriefelynxs.fr\/site\/wp-content\/uploads\/2019\/08\/exterieur-2.jpg\" data-attachment-id=\"489\" class=\"fg-thumb\"><span class=\"fg-image-wrap\"><img width=\"240\" height=\"240\" data-src-fg=\"http:\/\/chatteriefelynxs.fr\/site\/wp-content\/uploads\/cache\/2019\/08\/exterieur-2\/1893035398.jpg\" class=\"fg-image\" \/><\/span><\/a><figcaption class=\"fg-caption\"><div class=\"fg-caption-inner\"><\/div><\/figcaption><\/figure><div class=\"fg-loader\"><\/div><\/div><div class=\"fg-item\"><figure class=\"fg-item-inner\"><a href=\"http:\/\/chatteriefelynxs.fr\/site\/wp-content\/uploads\/2019\/08\/exterieur-1.jpg\" data-attachment-id=\"490\" class=\"fg-thumb\"><span class=\"fg-image-wrap\"><img width=\"240\" height=\"240\" data-src-fg=\"http:\/\/chatteriefelynxs.fr\/site\/wp-content\/uploads\/cache\/2019\/08\/exterieur-1\/2017791558.jpg\" class=\"fg-image\" \/><\/span><\/a><figcaption class=\"fg-caption\"><div class=\"fg-caption-inner\"><\/div><\/figcaption><\/figure><div class=\"fg-loader\"><\/div><\/div><\/div>\r\n\n<p>&nbsp;<\/p>\n<p><span class=\"_5yl5\">A la maison, l\u2019ambiance zen et relax est au rendez vous dans un esprit de d\u00e9tente, de bien \u00eatre o\u00f9 l\u2019\u00e9panouissement de chacun sont les ma\u00eetres mots du quotidien.<br \/>\n<\/span><span class=\"_5yl5\">Voila comment la passion est n\u00e9e et comment nous vivons au quotidien&#8230;<\/span><\/p>\n","protected":false},"excerpt":{"rendered":"<p>Qui sommes-nous ? L\u2019aventure a commenc\u00e9 pour nous en 2014 avec le Maine Coon ! Depuis tout jeune, les chats \u00e9taient pr\u00e9sents \u00e0 la maison. Ils \u00e9taient comme des membres de la famille. La passion du chat a \u00e9t\u00e9 transmise de g\u00e9n\u00e9ration en g\u00e9n\u00e9ration. Un jour par hasard, lors d\u2019une balade en exposition f\u00e9line nous <a class=\"read-more\" href=\"http:\/\/chatteriefelynxs.fr\/site\/quisommesnous\/\">Read More<\/a><\/p>\n","protected":false},"author":1,"featured_media":0,"parent":0,"menu_order":0,"comment_status":"closed","ping_status":"closed","template":"","meta":{"footnotes":""},"class_list":["post-498","page","type-page","status-publish","hentry"],"_links":{"self":[{"href":"http:\/\/chatteriefelynxs.fr\/site\/wp-json\/wp\/v2\/pages\/498","targetHints":{"allow":["GET"]}}],"collection":[{"href":"http:\/\/chatteriefelynxs.fr\/site\/wp-json\/wp\/v2\/pages"}],"about":[{"href":"http:\/\/chatteriefelynxs.fr\/site\/wp-json\/wp\/v2\/types\/page"}],"author":[{"embeddable":true,"href":"http:\/\/chatteriefelynxs.fr\/site\/wp-json\/wp\/v2\/users\/1"}],"replies":[{"embeddable":true,"href":"http:\/\/chatteriefelynxs.fr\/site\/wp-json\/wp\/v2\/comments?post=498"}],"version-history":[{"count":8,"href":"http:\/\/chatteriefelynxs.fr\/site\/wp-json\/wp\/v2\/pages\/498\/revisions"}],"predecessor-version":[{"id":564,"href":"http:\/\/chatteriefelynxs.fr\/site\/wp-json\/wp\/v2\/pages\/498\/revisions\/564"}],"wp:attachment":[{"href":"http:\/\/chatteriefelynxs.fr\/site\/wp-json\/wp\/v2\/media?parent=498"}],"curies":[{"name":"wp","href":"https:\/\/api.w.org\/{rel}","templated":true}]}}