{"id":41,"date":"2019-07-30T21:01:41","date_gmt":"2019-07-30T20:01:41","guid":{"rendered":"http:\/\/chatteriefelynxs.fr\/site\/?page_id=41"},"modified":"2019-09-06T13:06:25","modified_gmt":"2019-09-06T12:06:25","slug":"la-race","status":"publish","type":"page","link":"http:\/\/chatteriefelynxs.fr\/site\/la-race\/","title":{"rendered":"La race"},"content":{"rendered":"<p><em>Le Maine Coon est un chat originaire de l\u2019\u00e9tat du Maine aux Etats Unis. La l\u00e9gende veut que le Maine Coon soit issu d\u2019un croisement entre un chat et un raton laveur. Une autre dit que le Maine Coon a des anc\u00eatres Vikings. En effet, les Vikings auraient eu, lors de leurs voyages, des chats dans leurs bateaux, qui se seraient m\u00eal\u00e9s aux chats sauvages am\u00e9ricains.<\/em><\/p>\n<h3>Portrait<\/h3>\n<p>Le Maine Coon est consid\u00e9r\u00e9 comme le plus grand des chats domestiques. Il impose par sa taille. son corps est muscl\u00e9 et puissant. De forme rectangulaire, il est haut sur patte et longiligne. Sa queue finit de compl\u00e9ter ce look : elle est tr\u00e8s longue et fournie, un v\u00e9ritable plumeau, ce qui avait accr\u00e9dit\u00e9 la l\u00e9gende du chat crois\u00e9 \u00e0 un raton laveur.<\/p>\n<p>Les femelles sont plus l\u00e9g\u00e8res que les m\u00e2les : un m\u00e2le Maine Coon (sans graisse) peut peser de 7 \u00e0 12kg et une femelle entre 4 et 8kg. Un grand Maine Coon n\u2019est pas forc\u00e9ment ultra lourd, tout d\u00e9pendra de l\u2019ossature de celui-ci.<\/p>\n<p><img loading=\"lazy\" decoding=\"async\" class=\"alignright wp-image-114\" src=\"http:\/\/chatteriefelynxs.fr\/site\/wp-content\/uploads\/2019\/07\/60348632_369983450303057_2537893855924060160_n.jpg\" alt=\"\" width=\"350\" height=\"467\" srcset=\"http:\/\/chatteriefelynxs.fr\/site\/wp-content\/uploads\/2019\/07\/60348632_369983450303057_2537893855924060160_n.jpg 720w, http:\/\/chatteriefelynxs.fr\/site\/wp-content\/uploads\/2019\/07\/60348632_369983450303057_2537893855924060160_n-225x300.jpg 225w\" sizes=\"auto, (max-width: 350px) 100vw, 350px\" \/><\/p>\n<p>Le poil du Maine Coon est mi-long, avec un sous poil. Toutes les couleurs sont autoris\u00e9es chez lui, \u00e0 l\u2019exception du chocolat et du lilas. Il peut aussi avoir un pelage uni (solide) comme tigr\u00e9 (tabby). Il est habituel d\u2019entendre que la couleur du Maine Coon est le brown.<\/p>\n<p>Le Maine Coon a une t\u00eate moyenne. ce qui caract\u00e9rise ce chat est son museau puissant et carr\u00e9, que l\u2019on nomme bo\u00eete car il se d\u00e9tache des pommettes. Il a des yeux en amande, avec des nuances allant d\u2019or \u00e0 vert (\u00e0 l\u2019exception des blancs qui peuvent avoir les yeux bleus ou impairs).<\/p>\n<p>Les oreilles du Maine Coon sont larges et hautes, finies par des plumets, dit lynx tips. Ce d\u00e9tail donne au Maine Coon cette impression de chat sauvage.<\/p>\n<blockquote><p><strong>A savoir : Pour choisir un Maine Coon, laissez-vous s\u00e9duire par son caract\u00e8re, son charme sauvage, sans pour autant se focaliser absolument sur la notion de poids\u2026<\/strong><\/p><\/blockquote>\n<h3>Origines<\/h3>\n<p>Le Maine Coon est un chat rustique, il est au 19\u00e8me si\u00e8cle, tr\u00e8s r\u00e9pandu dans les fermes du Maine. Il y est appr\u00e9ci\u00e9 pour ses qualit\u00e9s de chasseur. Le Maine Coon est pr\u00e9sent\u00e9 pour la premi\u00e8re fois comme race vers 1860 lors d\u2019expositions f\u00e9lines. Captain Jencks est le premier Maine Coon que l\u2019on retrouve dans la litt\u00e9rature.<\/p>\n<p>L\u2019arriv\u00e9e des Persans aux Etats Unis am\u00e8nera un d\u00e9clin de la race, jusqu\u2019en 1958 quand deux \u00e9leveurs fondent le Central Maine Coon Cat Club. Le standard est \u00e9tabli et le Maine Coon est officiellement reconnu par l\u2019American Cat Fancier Association en 1967. En 1976, il est reconnu par la Cat Fancier Association (CFA), le club am\u00e9ricain le plus influent de l\u2019\u00e9poque. Le Maine Coon arrive en France en 1981 mais commence \u00e0 se faire conna\u00eetre du grand public au d\u00e9but des ann\u00e9es 1990. La f\u00e9d\u00e9ration Internationale F\u00e9line (Fif\u00e9) reconnait le Maine Coon en 1983.<\/p>\n<blockquote><p><strong>En 2012, le Maine Coon est le chat de race le plus populaire, le grand nombre de pedigrees \u00e9tablis pour cette race le prouvant.<\/strong><\/p><\/blockquote>\n<h3>Traits de caract\u00e8re<\/h3>\n<p><em><img loading=\"lazy\" decoding=\"async\" class=\"wp-image-327 alignleft\" src=\"http:\/\/chatteriefelynxs.fr\/site\/wp-content\/uploads\/2019\/08\/68339051_2244026535666378_9088096741877612544_n.jpg\" alt=\"\" width=\"188\" height=\"330\" srcset=\"http:\/\/chatteriefelynxs.fr\/site\/wp-content\/uploads\/2019\/08\/68339051_2244026535666378_9088096741877612544_n.jpg 332w, http:\/\/chatteriefelynxs.fr\/site\/wp-content\/uploads\/2019\/08\/68339051_2244026535666378_9088096741877612544_n-171x300.jpg 171w\" sizes=\"auto, (max-width: 188px) 100vw, 188px\" \/><\/em>Le Maine Coon est un chat proche de son ma\u00eetre. Il est souvent d\u00e9crit comme un chat-chien. C\u2019est un pot de colle, il aime la pr\u00e9sence de son ma\u00eetre. Il est tr\u00e8s d\u00e9monstratif et use souvent de son \u00ab vocabulaire \u00bb pour se faire comprendre. En effet, le Maine Coon poss\u00e8de beaucoup de tonalit\u00e9s diff\u00e9rentes qui vont du miaulement classique aux roucoulements.<\/p>\n<p>Le Maine Coon garde son c\u00f4t\u00e9 chaton m\u00eame adulte. Il aime jouer, m\u00eame un objet du quotidien\u2026un bouchon qui tombe par terre est un bon moment de jeu.<\/p>\n<p>Il a un temp\u00e9rament facile pour les enfants. Il ne cherchera pas le conflit en cas d\u2019 \u00ab agression \u00bb ou de jeux un peu brutaux. Plut\u00f4t que le coup de patte, il choisira la fuite. Le Maine Coon est donc un chat facile \u00e0 vivre, qui s\u2019adapte facilement \u00e0 un nouvel environnement. Il prend sans conteste une place importante dans un foyer.<\/p>\n<h3><\/h3>\n<h3>Au quotidien<\/h3>\n<p>Le Maine Coon n\u2019est pas un chat qui demande un gros entretien. Un coup de brosse hebdomadaire est suffisant.<\/p>\n<p>C\u2019est un chat qui peut vivre en appartement comme en maison. Cependant, il faut \u00eatre prudent s&rsquo;il sort sans surveillance. En effet, il a un p\u00e9rim\u00e8tre de chasse tr\u00e8s \u00e9tendu, ce qui peut \u00eatre dangereux si la maison a des routes autour.<\/p>\n<p>Quand on dit que le chat n\u2019aime pas l\u2019eau, ceci est faux pour le Maine Coon. Il adore patauger dans l\u2019eau, notamment dans sa gamelle d\u2019eau. Il appr\u00e9cie donc les fontaines \u00e0 eau pour se d\u00e9salt\u00e9rer.<\/p>\n<p><img loading=\"lazy\" decoding=\"async\" class=\"wp-image-666 aligncenter\" src=\"http:\/\/chatteriefelynxs.fr\/site\/wp-content\/uploads\/2019\/09\/auquotidien.jpg\" alt=\"\" width=\"256\" height=\"336\" srcset=\"http:\/\/chatteriefelynxs.fr\/site\/wp-content\/uploads\/2019\/09\/auquotidien.jpg 332w, http:\/\/chatteriefelynxs.fr\/site\/wp-content\/uploads\/2019\/09\/auquotidien-228x300.jpg 228w\" sizes=\"auto, (max-width: 256px) 100vw, 256px\" \/><\/p>\n<p>Source : <a style=\"color: #808080;\" href=\"https:\/\/www.fff-asso.fr\/race\/maine-coon\/\" target=\"_blank\" rel=\"noopener noreferrer\">F\u00e9d\u00e9ration F\u00e9line Fran\u00e7aise<\/a><\/p>\n","protected":false},"excerpt":{"rendered":"<p>Le Maine Coon est un chat originaire de l\u2019\u00e9tat du Maine aux Etats Unis. La l\u00e9gende veut que le Maine Coon soit issu d\u2019un croisement entre un chat et un raton laveur. Une autre dit que le Maine Coon a des anc\u00eatres Vikings. En effet, les Vikings auraient eu, lors de leurs voyages, des chats <a class=\"read-more\" href=\"http:\/\/chatteriefelynxs.fr\/site\/la-race\/\">Read More<\/a><\/p>\n","protected":false},"author":1,"featured_media":0,"parent":0,"menu_order":0,"comment_status":"closed","ping_status":"closed","template":"","meta":{"footnotes":""},"class_list":["post-41","page","type-page","status-publish","hentry"],"_links":{"self":[{"href":"http:\/\/chatteriefelynxs.fr\/site\/wp-json\/wp\/v2\/pages\/41","targetHints":{"allow":["GET"]}}],"collection":[{"href":"http:\/\/chatteriefelynxs.fr\/site\/wp-json\/wp\/v2\/pages"}],"about":[{"href":"http:\/\/chatteriefelynxs.fr\/site\/wp-json\/wp\/v2\/types\/page"}],"author":[{"embeddable":true,"href":"http:\/\/chatteriefelynxs.fr\/site\/wp-json\/wp\/v2\/users\/1"}],"replies":[{"embeddable":true,"href":"http:\/\/chatteriefelynxs.fr\/site\/wp-json\/wp\/v2\/comments?post=41"}],"version-history":[{"count":79,"href":"http:\/\/chatteriefelynxs.fr\/site\/wp-json\/wp\/v2\/pages\/41\/revisions"}],"predecessor-version":[{"id":722,"href":"http:\/\/chatteriefelynxs.fr\/site\/wp-json\/wp\/v2\/pages\/41\/revisions\/722"}],"wp:attachment":[{"href":"http:\/\/chatteriefelynxs.fr\/site\/wp-json\/wp\/v2\/media?parent=41"}],"curies":[{"name":"wp","href":"https:\/\/api.w.org\/{rel}","templated":true}]}}