{"id":37,"date":"2019-07-30T20:54:23","date_gmt":"2019-07-30T19:54:23","guid":{"rendered":"http:\/\/chatteriefelynxs.fr\/?page_id=37"},"modified":"2020-11-20T14:36:43","modified_gmt":"2020-11-20T13:36:43","slug":"presentation","status":"publish","type":"page","link":"http:\/\/chatteriefelynxs.fr\/site\/","title":{"rendered":"Accueil"},"content":{"rendered":"<h1>Bienvenue \u00e0 la chatterie Felynx&rsquo;s<\/h1>\n<div class=\"_5w1r _3_om _5wdf\">\n<div class=\"_4gx_\">\n<div class=\"_1aa6\">\n<div class=\"\"><span class=\"_5yl5\">Nous sommes un \u00e9levage de Maine Coon situ\u00e9 \u00e0 la Farl\u00e8de, dans la r\u00e9gion du Var. Chez nous le chat est roi ! A travers notre site, vous allez d\u00e9couvrir notre passion pour ce doux g\u00e9ant, notre fonctionnement et bien \u00e9videment nos Maine Coon. N\u2019h\u00e9sitez pas a nous contacter en cas de questions via les diff\u00e9rents liens (e-mail, Facebook&#8230;). Bonne visite !<br \/>\n<\/span><\/div>\n<\/div>\n<\/div>\n<div>\n<h3><\/h3>\n<h3>Informations<\/h3>\n<p><a href=\"http:\/\/chatteriefelynxs.fr\/site\/wp-content\/uploads\/2019\/09\/698C280C-5438-4A2D-92B9-08C00EA2E2E3.jpeg\"><img loading=\"lazy\" decoding=\"async\" class=\"alignnone size-medium wp-image-766\" src=\"http:\/\/chatteriefelynxs.fr\/site\/wp-content\/uploads\/2019\/09\/698C280C-5438-4A2D-92B9-08C00EA2E2E3-225x300.jpeg\" alt=\"Puppie Best Supr\u00eame ! Meilleur chat de l\u2019expostion\" width=\"225\" height=\"300\" srcset=\"http:\/\/chatteriefelynxs.fr\/site\/wp-content\/uploads\/2019\/09\/698C280C-5438-4A2D-92B9-08C00EA2E2E3-225x300.jpeg 225w, http:\/\/chatteriefelynxs.fr\/site\/wp-content\/uploads\/2019\/09\/698C280C-5438-4A2D-92B9-08C00EA2E2E3-768x1024.jpeg 768w\" sizes=\"auto, (max-width: 225px) 100vw, 225px\" \/><\/a>. \u00a0 \u00a0 \u00a0 \u00a0 \u00a0 \u00a0 \u00a0 \u00a0 \u00a0 \u00a0 \u00a0 \u00a0 \u00a0 \u00a0 \u00a0 \u00a0 \u00a0 \u00a0 \u00a0 \u00a0 \u00a0 \u00a0 \u00a0 \u00a0 \u00a0 \u00a0 \u00a0 \u00a0 \u00a0 \u00a0 \u00a0 \u00a0.<a href=\"http:\/\/chatteriefelynxs.fr\/site\/wp-content\/uploads\/2020\/09\/IMG_6279-1.jpg\"><img loading=\"lazy\" decoding=\"async\" class=\"alignnone size-medium wp-image-865\" src=\"http:\/\/chatteriefelynxs.fr\/site\/wp-content\/uploads\/2020\/09\/IMG_6279-1-225x300.jpg\" alt=\"\" width=\"225\" height=\"300\" srcset=\"http:\/\/chatteriefelynxs.fr\/site\/wp-content\/uploads\/2020\/09\/IMG_6279-1-225x300.jpg 225w, http:\/\/chatteriefelynxs.fr\/site\/wp-content\/uploads\/2020\/09\/IMG_6279-1-770x1024.jpg 770w, http:\/\/chatteriefelynxs.fr\/site\/wp-content\/uploads\/2020\/09\/IMG_6279-1-768x1022.jpg 768w, http:\/\/chatteriefelynxs.fr\/site\/wp-content\/uploads\/2020\/09\/IMG_6279-1.jpg 1125w\" sizes=\"auto, (max-width: 225px) 100vw, 225px\" \/><\/a><br \/>\nNotre Pupetta devient Best Supr\u00eame \u00e0 tout juste 4,5 mois. \u00a0 \u00a0 \u00a0 \u00a0 \u00a0 \u00a0 \u00a0 \u00a0\u00a0Notre PUPETTA devient JUNIOR WINNER \u00e0 Bordeaux<\/p>\n<p><a href=\"http:\/\/chatteriefelynxs.fr\/site\/wp-content\/uploads\/2019\/10\/D8540977-F9DF-4188-A509-A7BD9F9D3B76.jpeg\"><img loading=\"lazy\" decoding=\"async\" class=\"alignnone size-medium wp-image-797\" src=\"http:\/\/chatteriefelynxs.fr\/site\/wp-content\/uploads\/2019\/10\/D8540977-F9DF-4188-A509-A7BD9F9D3B76-300x200.jpeg\" alt=\"Charm charm\" width=\"300\" height=\"200\" srcset=\"http:\/\/chatteriefelynxs.fr\/site\/wp-content\/uploads\/2019\/10\/D8540977-F9DF-4188-A509-A7BD9F9D3B76-300x200.jpeg 300w, http:\/\/chatteriefelynxs.fr\/site\/wp-content\/uploads\/2019\/10\/D8540977-F9DF-4188-A509-A7BD9F9D3B76-768x513.jpeg 768w, http:\/\/chatteriefelynxs.fr\/site\/wp-content\/uploads\/2019\/10\/D8540977-F9DF-4188-A509-A7BD9F9D3B76-1024x684.jpeg 1024w, http:\/\/chatteriefelynxs.fr\/site\/wp-content\/uploads\/2019\/10\/D8540977-F9DF-4188-A509-A7BD9F9D3B76.jpeg 2005w\" sizes=\"auto, (max-width: 300px) 100vw, 300px\" \/><\/a>. \u00a0 \u00a0 \u00a0 \u00a0 \u00a0 \u00a0 \u00a0 \u00a0 \u00a0 \u00a0 \u00a0 \u00a0 \u00a0 \u00a0 \u00a0 \u00a0 \u00a0 \u00a0.<a href=\"http:\/\/chatteriefelynxs.fr\/site\/wp-content\/uploads\/2019\/10\/90E85410-767A-4227-A2D5-1D2A4427290F.jpeg\"><img loading=\"lazy\" decoding=\"async\" class=\"alignnone size-medium wp-image-799\" src=\"http:\/\/chatteriefelynxs.fr\/site\/wp-content\/uploads\/2019\/10\/90E85410-767A-4227-A2D5-1D2A4427290F-300x200.jpeg\" alt=\"\" width=\"300\" height=\"200\" srcset=\"http:\/\/chatteriefelynxs.fr\/site\/wp-content\/uploads\/2019\/10\/90E85410-767A-4227-A2D5-1D2A4427290F-300x200.jpeg 300w, http:\/\/chatteriefelynxs.fr\/site\/wp-content\/uploads\/2019\/10\/90E85410-767A-4227-A2D5-1D2A4427290F-768x513.jpeg 768w, http:\/\/chatteriefelynxs.fr\/site\/wp-content\/uploads\/2019\/10\/90E85410-767A-4227-A2D5-1D2A4427290F.jpeg 960w\" sizes=\"auto, (max-width: 300px) 100vw, 300px\" \/><\/a><br \/>\nNotre Charm Charm devient Supr\u00eame Champion et DVM FIF\u00c9<\/p>\n<p><a href=\"http:\/\/chatteriefelynxs.fr\/site\/wp-content\/uploads\/2020\/11\/IMG_8084.jpg\"><img loading=\"lazy\" decoding=\"async\" class=\"alignnone size-medium wp-image-884\" src=\"http:\/\/chatteriefelynxs.fr\/site\/wp-content\/uploads\/2020\/11\/IMG_8084-241x300.jpg\" alt=\"\" width=\"241\" height=\"300\" srcset=\"http:\/\/chatteriefelynxs.fr\/site\/wp-content\/uploads\/2020\/11\/IMG_8084-241x300.jpg 241w, http:\/\/chatteriefelynxs.fr\/site\/wp-content\/uploads\/2020\/11\/IMG_8084-821x1024.jpg 821w, http:\/\/chatteriefelynxs.fr\/site\/wp-content\/uploads\/2020\/11\/IMG_8084-768x958.jpg 768w, http:\/\/chatteriefelynxs.fr\/site\/wp-content\/uploads\/2020\/11\/IMG_8084.jpg 1125w\" sizes=\"auto, (max-width: 241px) 100vw, 241px\" \/>.\u00a0 \u00a0 \u00a0 \u00a0 \u00a0 \u00a0 \u00a0 \u00a0 \u00a0 \u00a0 \u00a0 \u00a0 .<\/a><a href=\"http:\/\/chatteriefelynxs.fr\/site\/wp-content\/uploads\/2020\/11\/IMG_8085.jpg\"><img loading=\"lazy\" decoding=\"async\" class=\"alignnone size-medium wp-image-885\" src=\"http:\/\/chatteriefelynxs.fr\/site\/wp-content\/uploads\/2020\/11\/IMG_8085-271x300.jpg\" alt=\"\" width=\"271\" height=\"300\" srcset=\"http:\/\/chatteriefelynxs.fr\/site\/wp-content\/uploads\/2020\/11\/IMG_8085-271x300.jpg 271w, http:\/\/chatteriefelynxs.fr\/site\/wp-content\/uploads\/2020\/11\/IMG_8085-925x1024.jpg 925w, http:\/\/chatteriefelynxs.fr\/site\/wp-content\/uploads\/2020\/11\/IMG_8085-768x851.jpg 768w, http:\/\/chatteriefelynxs.fr\/site\/wp-content\/uploads\/2020\/11\/IMG_8085.jpg 1125w\" sizes=\"auto, (max-width: 271px) 100vw, 271px\" \/><\/a><br \/>\nRubie, Rio et Rosie. \u00a0 \u00a0 \u00a0 \u00a0 \u00a0 \u00a0 \u00a0 \u00a0 \u00a0 \u00a0 \u00a0 \u00a0 \u00a0 \u00a0 \u00a0 \u00a0 \u00a0 \u00a0 \u00a0 \u00a0 \u00a0 \u00a0 \u00a0 \u00a0 \u00a0 \u00a0 \u00a0 \u00a0 \u00a0 \u00a0 \u00a0 \u00a0 \u00a0 La team Daisy et ses b\u00e9b\u00e9s, tous r\u00e9serv\u00e9s et partis dans leurs familles.<\/p>\n<p><a href=\"http:\/\/chatteriefelynxs.fr\/site\/wp-content\/uploads\/2020\/11\/IMG_8089.jpg\"><img loading=\"lazy\" decoding=\"async\" class=\"alignnone wp-image-887\" src=\"http:\/\/chatteriefelynxs.fr\/site\/wp-content\/uploads\/2020\/11\/IMG_8089-297x300.jpg\" alt=\"\" width=\"299\" height=\"302\" srcset=\"http:\/\/chatteriefelynxs.fr\/site\/wp-content\/uploads\/2020\/11\/IMG_8089-297x300.jpg 297w, http:\/\/chatteriefelynxs.fr\/site\/wp-content\/uploads\/2020\/11\/IMG_8089-1014x1024.jpg 1014w, http:\/\/chatteriefelynxs.fr\/site\/wp-content\/uploads\/2020\/11\/IMG_8089-768x776.jpg 768w, http:\/\/chatteriefelynxs.fr\/site\/wp-content\/uploads\/2020\/11\/IMG_8089.jpg 1125w\" sizes=\"auto, (max-width: 299px) 100vw, 299px\" \/> \u00a0 \u00a0 \u00a0 \u00a0 <\/a><a href=\"http:\/\/chatteriefelynxs.fr\/site\/wp-content\/uploads\/2020\/11\/IMG_8088.jpg\"><img loading=\"lazy\" decoding=\"async\" class=\"alignnone wp-image-886\" src=\"http:\/\/chatteriefelynxs.fr\/site\/wp-content\/uploads\/2020\/11\/IMG_8088-300x241.jpg\" alt=\"\" width=\"376\" height=\"302\" srcset=\"http:\/\/chatteriefelynxs.fr\/site\/wp-content\/uploads\/2020\/11\/IMG_8088-300x241.jpg 300w, http:\/\/chatteriefelynxs.fr\/site\/wp-content\/uploads\/2020\/11\/IMG_8088-1024x821.jpg 1024w, http:\/\/chatteriefelynxs.fr\/site\/wp-content\/uploads\/2020\/11\/IMG_8088-768x616.jpg 768w, http:\/\/chatteriefelynxs.fr\/site\/wp-content\/uploads\/2020\/11\/IMG_8088.jpg 1125w\" sizes=\"auto, (max-width: 376px) 100vw, 376px\" \/><\/a><br \/>\nRodin et Rom\u00e9o. \u00a0 \u00a0 \u00a0 \u00a0 \u00a0 \u00a0 \u00a0 \u00a0 \u00a0 \u00a0 \u00a0 \u00a0 \u00a0 \u00a0 \u00a0 \u00a0 \u00a0 \u00a0 \u00a0 \u00a0 \u00a0 \u00a0 \u00a0 \u00a0 \u00a0 \u00a0 \u00a0 \u00a0 \u00a0 \u00a0 \u00a0 \u00a0 \u00a0 \u00a0 \u00a0 \u00a0 \u00a0 \u00a0\u00a0La team Romi, tous r\u00e9serv\u00e9s et partis dans leurs familles.<\/p>\n<\/div>\n<div style=\"text-align: center;\">\n<pre>DES NOUVELLES DE NOS B\u00c9B\u00c9S :<\/pre>\n<p>RODIN 6MOIS ET RUBIE 5MOIS<\/p>\n<p>PARKER 22MOIS<\/p>\n<pre><strong>PLAYBOY 22MOIS <\/strong>==&gt;    &lt;==<\/pre>\n<pre><strong><span style=\"font-family: Lato, sans-serif; font-size: 15px;\">VI<\/span><span style=\"font-family: Lato, sans-serif; font-size: 15px;\">CTORIA<\/span><em><span style=\"font-family: Lato, sans-serif; font-size: 15px;\"> 22MOIS         <\/span><\/em><\/strong>==&gt; <a href=\"http:\/\/chatteriefelynxs.fr\/site\/wp-content\/uploads\/2020\/11\/IMG_8607.mov\">IMG_8607<\/a> &lt;==<\/pre>\n<pre><strong>LA CHAMBRE A CHAT NEW LOOK !!!    <\/strong>==&gt; <a href=\"http:\/\/chatteriefelynxs.fr\/site\/wp-content\/uploads\/2020\/11\/Video.mov\">Vid\u00e9o<\/a>\u00a0&lt;==<\/pre>\n<p>&nbsp;<\/p>\n<\/div>\n<\/div>\n","protected":false},"excerpt":{"rendered":"<p>Bienvenue \u00e0 la chatterie Felynx&rsquo;s Nous sommes un \u00e9levage de Maine Coon situ\u00e9 \u00e0 la Farl\u00e8de, dans la r\u00e9gion du Var. Chez nous le chat est roi ! A travers notre site, vous allez d\u00e9couvrir notre passion pour ce doux g\u00e9ant, notre fonctionnement et bien \u00e9videment nos Maine Coon. N\u2019h\u00e9sitez pas a nous contacter en <a class=\"read-more\" href=\"http:\/\/chatteriefelynxs.fr\/site\/\">Read More<\/a><\/p>\n","protected":false},"author":1,"featured_media":0,"parent":0,"menu_order":0,"comment_status":"closed","ping_status":"closed","template":"","meta":{"footnotes":""},"class_list":["post-37","page","type-page","status-publish","hentry"],"_links":{"self":[{"href":"http:\/\/chatteriefelynxs.fr\/site\/wp-json\/wp\/v2\/pages\/37","targetHints":{"allow":["GET"]}}],"collection":[{"href":"http:\/\/chatteriefelynxs.fr\/site\/wp-json\/wp\/v2\/pages"}],"about":[{"href":"http:\/\/chatteriefelynxs.fr\/site\/wp-json\/wp\/v2\/types\/page"}],"author":[{"embeddable":true,"href":"http:\/\/chatteriefelynxs.fr\/site\/wp-json\/wp\/v2\/users\/1"}],"replies":[{"embeddable":true,"href":"http:\/\/chatteriefelynxs.fr\/site\/wp-json\/wp\/v2\/comments?post=37"}],"version-history":[{"count":70,"href":"http:\/\/chatteriefelynxs.fr\/site\/wp-json\/wp\/v2\/pages\/37\/revisions"}],"predecessor-version":[{"id":763,"href":"http:\/\/chatteriefelynxs.fr\/site\/wp-json\/wp\/v2\/pages\/37\/revisions\/763"}],"wp:attachment":[{"href":"http:\/\/chatteriefelynxs.fr\/site\/wp-json\/wp\/v2\/media?parent=37"}],"curies":[{"name":"wp","href":"https:\/\/api.w.org\/{rel}","templated":true}]}}