{"id":207,"date":"2019-08-06T14:57:19","date_gmt":"2019-08-06T13:57:19","guid":{"rendered":"http:\/\/chatteriefelynxs.fr\/site\/?page_id=207"},"modified":"2020-11-02T14:10:21","modified_gmt":"2020-11-02T13:10:21","slug":"mainefields-lucky-charm","status":"publish","type":"page","link":"http:\/\/chatteriefelynxs.fr\/site\/mainefields-lucky-charm\/","title":{"rendered":"SC Mainefield\u2019s Lucky Charm DVM"},"content":{"rendered":"<h3><span class=\"_5yl5\">dit \u00ab\u00a0Charm Charm\u00a0\u00bb<br \/>\n<\/span><\/h3>\n<p><img loading=\"lazy\" decoding=\"async\" class=\"alignnone size-full wp-image-255\" src=\"http:\/\/chatteriefelynxs.fr\/site\/wp-content\/uploads\/2019\/08\/lucky-39.jpg\" alt=\"\" width=\"443\" height=\"692\" srcset=\"http:\/\/chatteriefelynxs.fr\/site\/wp-content\/uploads\/2019\/08\/lucky-39.jpg 443w, http:\/\/chatteriefelynxs.fr\/site\/wp-content\/uploads\/2019\/08\/lucky-39-192x300.jpg 192w\" sizes=\"auto, (max-width: 443px) 100vw, 443px\" \/><\/p>\n<p><strong>M\u00e2le &#8211; N\u00e9 le <span class=\"_5yl5\">27\/09\/2015<br \/>\nRoux blotched tabby et blanc bicolore (MCO d 03 22)<br \/>\nPoids : 10,5kg<\/span><\/strong><\/p>\n<p><span class=\"_5yl5\"><strong>P\u00e8re : DK* Red Line\u2019s Hot Spot<\/strong><br \/>\n<strong>M\u00e8re : Silverfern\u2019s Cassiop\u00e9ia<\/strong><br \/>\n<span style=\"color: #008000;\"><strong><a style=\"color: #008000;\" href=\"https:\/\/pawpeds.com\/db\/?a=p&amp;id=1355991&amp;g=4&amp;p=mco&amp;date=iso&amp;o=ajgrep\" target=\"_blank\" rel=\"noopener noreferrer\">Pedigree<\/a><\/strong><\/span><br \/>\n<\/span><\/p>\n<p><span class=\"_5yl5\"> Lucky est tout simplement la perle des chats ! Doux,\u00a0 calme,\u00a0 gentil,\u00a0 c\u00e2lin,\u00a0 pot de colle et sans une once d\u2019agressivit\u00e9&#8230; Bref la perfection m\u00eame niveau caract\u00e8re ! Du haut de ses + de 10 kilos, Lucky a un corps tr\u00e8s long, une \u00e9norme ossature, un profil de r\u00eave avec un menton fort et un haut front&#8230; Bref un standard qui se rapproche de la perfection. <\/span><\/p>\n<h3>Sant\u00e9<\/h3>\n<p><span class=\"_5yl5\"><strong>HCM, PKD, PKDef, SMA :<\/strong> n\u00e9gatif (Laboratoire A<\/span><span class=\"_5yl5\">ntag\u00e8ne)<br \/>\n<strong>FIV et FELV :<\/strong> n\u00e9gatif<br \/>\n<strong>Dysplasie de la hanche<\/strong> (Pawpeds) : normal<br \/>\n<strong>Calcivirus \/ Herpes et Coronavirus :<\/strong> n\u00e9gatif en ( Mars 2020 &#8211; Laboratoire Scanelis).<br \/>\n<strong>\u00c9chographie cardiaque et r\u00e9nale :<\/strong> n\u00e9gatif\u00a0 (Juillet 2020\u00a0 &#8211; Dr G. Haroutunian)<br \/>\nGroupe sanguin A<\/span><\/p>\n<h3>Palmar\u00e8s<\/h3>\n<p>TICA : <span class=\"_5yl5\">Regional Winner 2018 &amp; Supr\u00eame Champion<br \/>\nLOOF : Grand Champion Europe &#038; Supr\u00eame Champion<br \/>\nFIF\u00e9 : Supreme Champion &#038; M\u00e9rite Distingu\u00e9 en Vari\u00e9t\u00e9 (DVM)<br \/>\nWCF  : 2\u00e8me en Double Master Ring WORLD SHOW San R\u00e9mo 2018 &#038; 2pts sur 3 (CACM) WORLD CHAMPION<br \/>\nASWC : Champion du Monde \u00e0 l\u2019Autumn Swiss World Cup a Gen\u00e8ve en 2018<br \/>\nCGA : S\u00e9lectionn\u00e9 au Concours G\u00e9n\u00e9ral Agricole 2018 (Paris) dans le top 10 des meilleurs M\u00e2les Maine Coon en France.<br \/>\n<\/span><\/p>\n<h3>Galerie photos<\/h3>\n<div class=\"foogallery foogallery-container foogallery-default foogallery-lightbox-foobox fg-gutter-10 fg-center fg-default fg-light fg-shadow-outline fg-loading-default fg-loaded-fade-in fg-custom fg-caption-hover fg-hover-fade fg-hover-zoom\" id=\"foogallery-gallery-215\" data-foogallery=\"{&quot;item&quot;:{&quot;showCaptionTitle&quot;:true,&quot;showCaptionDescription&quot;:true},&quot;lazy&quot;:true,&quot;src&quot;:&quot;data-src-fg&quot;,&quot;srcset&quot;:&quot;data-srcset-fg&quot;}\" data-fg-common-fields=\"1\" >\r\n\t<div class=\"fg-item\"><figure class=\"fg-item-inner\"><a href=\"http:\/\/chatteriefelynxs.fr\/site\/wp-content\/uploads\/2019\/08\/lucky-41.jpg\" data-attachment-id=\"257\" class=\"fg-thumb\"><span class=\"fg-image-wrap\"><img width=\"130\" height=\"130\" data-src-fg=\"http:\/\/chatteriefelynxs.fr\/site\/wp-content\/uploads\/cache\/2019\/08\/lucky-41\/3188916411.jpg\" class=\"fg-image\" \/><\/span><\/a><figcaption class=\"fg-caption\"><div class=\"fg-caption-inner\"><\/div><\/figcaption><\/figure><div class=\"fg-loader\"><\/div><\/div><div class=\"fg-item\"><figure class=\"fg-item-inner\"><a href=\"http:\/\/chatteriefelynxs.fr\/site\/wp-content\/uploads\/2019\/08\/lucky-40.jpg\" data-attachment-id=\"256\" class=\"fg-thumb\"><span class=\"fg-image-wrap\"><img width=\"130\" height=\"130\" data-src-fg=\"http:\/\/chatteriefelynxs.fr\/site\/wp-content\/uploads\/cache\/2019\/08\/lucky-40\/3461326314.jpg\" class=\"fg-image\" \/><\/span><\/a><figcaption class=\"fg-caption\"><div class=\"fg-caption-inner\"><\/div><\/figcaption><\/figure><div class=\"fg-loader\"><\/div><\/div><div class=\"fg-item\"><figure class=\"fg-item-inner\"><a href=\"http:\/\/chatteriefelynxs.fr\/site\/wp-content\/uploads\/2019\/08\/lucky-39.jpg\" data-attachment-id=\"255\" class=\"fg-thumb\"><span class=\"fg-image-wrap\"><img width=\"130\" height=\"130\" data-src-fg=\"http:\/\/chatteriefelynxs.fr\/site\/wp-content\/uploads\/cache\/2019\/08\/lucky-39\/2869639960.jpg\" class=\"fg-image\" \/><\/span><\/a><figcaption class=\"fg-caption\"><div class=\"fg-caption-inner\"><\/div><\/figcaption><\/figure><div class=\"fg-loader\"><\/div><\/div><div class=\"fg-item\"><figure class=\"fg-item-inner\"><a href=\"http:\/\/chatteriefelynxs.fr\/site\/wp-content\/uploads\/2019\/08\/lucky-38.jpg\" data-attachment-id=\"254\" class=\"fg-thumb\"><span class=\"fg-image-wrap\"><img width=\"130\" height=\"130\" data-src-fg=\"http:\/\/chatteriefelynxs.fr\/site\/wp-content\/uploads\/cache\/2019\/08\/lucky-38\/3679952457.jpg\" class=\"fg-image\" \/><\/span><\/a><figcaption class=\"fg-caption\"><div class=\"fg-caption-inner\"><\/div><\/figcaption><\/figure><div class=\"fg-loader\"><\/div><\/div><div class=\"fg-item\"><figure class=\"fg-item-inner\"><a href=\"http:\/\/chatteriefelynxs.fr\/site\/wp-content\/uploads\/2019\/08\/lucky-37.jpg\" data-attachment-id=\"253\" class=\"fg-thumb\"><span class=\"fg-image-wrap\"><img width=\"130\" height=\"130\" data-src-fg=\"http:\/\/chatteriefelynxs.fr\/site\/wp-content\/uploads\/cache\/2019\/08\/lucky-37\/2186606858.jpg\" class=\"fg-image\" \/><\/span><\/a><figcaption class=\"fg-caption\"><div class=\"fg-caption-inner\"><\/div><\/figcaption><\/figure><div class=\"fg-loader\"><\/div><\/div><div class=\"fg-item\"><figure class=\"fg-item-inner\"><a href=\"http:\/\/chatteriefelynxs.fr\/site\/wp-content\/uploads\/2019\/08\/lucky-36.jpg\" data-attachment-id=\"252\" class=\"fg-thumb\"><span class=\"fg-image-wrap\"><img width=\"130\" height=\"130\" data-src-fg=\"http:\/\/chatteriefelynxs.fr\/site\/wp-content\/uploads\/cache\/2019\/08\/lucky-36\/4060634203.jpg\" class=\"fg-image\" \/><\/span><\/a><figcaption class=\"fg-caption\"><div class=\"fg-caption-inner\"><\/div><\/figcaption><\/figure><div class=\"fg-loader\"><\/div><\/div><div class=\"fg-item\"><figure class=\"fg-item-inner\"><a href=\"http:\/\/chatteriefelynxs.fr\/site\/wp-content\/uploads\/2019\/08\/lucky-35.jpg\" data-attachment-id=\"251\" class=\"fg-thumb\"><span class=\"fg-image-wrap\"><img width=\"130\" height=\"130\" data-src-fg=\"http:\/\/chatteriefelynxs.fr\/site\/wp-content\/uploads\/cache\/2019\/08\/lucky-35\/1659745192.jpg\" class=\"fg-image\" \/><\/span><\/a><figcaption class=\"fg-caption\"><div class=\"fg-caption-inner\"><\/div><\/figcaption><\/figure><div class=\"fg-loader\"><\/div><\/div><div class=\"fg-item\"><figure class=\"fg-item-inner\"><a href=\"http:\/\/chatteriefelynxs.fr\/site\/wp-content\/uploads\/2019\/08\/lucky-34.jpg\" data-attachment-id=\"250\" class=\"fg-thumb\"><span class=\"fg-image-wrap\"><img width=\"130\" height=\"130\" data-src-fg=\"http:\/\/chatteriefelynxs.fr\/site\/wp-content\/uploads\/cache\/2019\/08\/lucky-34\/313595641.jpg\" class=\"fg-image\" \/><\/span><\/a><figcaption class=\"fg-caption\"><div class=\"fg-caption-inner\"><\/div><\/figcaption><\/figure><div class=\"fg-loader\"><\/div><\/div><div class=\"fg-item\"><figure class=\"fg-item-inner\"><a href=\"http:\/\/chatteriefelynxs.fr\/site\/wp-content\/uploads\/2019\/08\/lucky-33.jpg\" data-attachment-id=\"249\" class=\"fg-thumb\"><span class=\"fg-image-wrap\"><img width=\"130\" height=\"130\" data-src-fg=\"http:\/\/chatteriefelynxs.fr\/site\/wp-content\/uploads\/cache\/2019\/08\/lucky-33\/1208462868.jpg\" class=\"fg-image\" \/><\/span><\/a><figcaption class=\"fg-caption\"><div class=\"fg-caption-inner\"><\/div><\/figcaption><\/figure><div class=\"fg-loader\"><\/div><\/div><div class=\"fg-item\"><figure class=\"fg-item-inner\"><a href=\"http:\/\/chatteriefelynxs.fr\/site\/wp-content\/uploads\/2019\/08\/lucky-32.jpg\" data-attachment-id=\"248\" class=\"fg-thumb\"><span class=\"fg-image-wrap\"><img width=\"130\" height=\"130\" data-src-fg=\"http:\/\/chatteriefelynxs.fr\/site\/wp-content\/uploads\/cache\/2019\/08\/lucky-32\/945490757.jpg\" class=\"fg-image\" \/><\/span><\/a><figcaption class=\"fg-caption\"><div class=\"fg-caption-inner\"><\/div><\/figcaption><\/figure><div class=\"fg-loader\"><\/div><\/div><div class=\"fg-item\"><figure class=\"fg-item-inner\"><a href=\"http:\/\/chatteriefelynxs.fr\/site\/wp-content\/uploads\/2019\/08\/lucky-31.jpg\" data-attachment-id=\"247\" class=\"fg-thumb\"><span class=\"fg-image-wrap\"><img width=\"130\" height=\"130\" data-src-fg=\"http:\/\/chatteriefelynxs.fr\/site\/wp-content\/uploads\/cache\/2019\/08\/lucky-31\/3507832054.jpg\" class=\"fg-image\" \/><\/span><\/a><figcaption class=\"fg-caption\"><div class=\"fg-caption-inner\"><\/div><\/figcaption><\/figure><div class=\"fg-loader\"><\/div><\/div><div class=\"fg-item\"><figure class=\"fg-item-inner\"><a href=\"http:\/\/chatteriefelynxs.fr\/site\/wp-content\/uploads\/2019\/08\/lucky-30.jpg\" data-attachment-id=\"246\" class=\"fg-thumb\"><span class=\"fg-image-wrap\"><img width=\"130\" height=\"130\" data-src-fg=\"http:\/\/chatteriefelynxs.fr\/site\/wp-content\/uploads\/cache\/2019\/08\/lucky-30\/2705973671.jpg\" class=\"fg-image\" \/><\/span><\/a><figcaption class=\"fg-caption\"><div class=\"fg-caption-inner\"><\/div><\/figcaption><\/figure><div class=\"fg-loader\"><\/div><\/div><div class=\"fg-item\"><figure class=\"fg-item-inner\"><a href=\"http:\/\/chatteriefelynxs.fr\/site\/wp-content\/uploads\/2019\/08\/lucky-29.jpg\" data-attachment-id=\"245\" class=\"fg-thumb\"><span class=\"fg-image-wrap\"><img width=\"130\" height=\"130\" data-src-fg=\"http:\/\/chatteriefelynxs.fr\/site\/wp-content\/uploads\/cache\/2019\/08\/lucky-29\/3071739615.jpg\" class=\"fg-image\" \/><\/span><\/a><figcaption class=\"fg-caption\"><div class=\"fg-caption-inner\"><\/div><\/figcaption><\/figure><div class=\"fg-loader\"><\/div><\/div><div class=\"fg-item\"><figure class=\"fg-item-inner\"><a href=\"http:\/\/chatteriefelynxs.fr\/site\/wp-content\/uploads\/2019\/08\/lucky-28.jpg\" data-attachment-id=\"244\" class=\"fg-thumb\"><span class=\"fg-image-wrap\"><img width=\"130\" height=\"130\" data-src-fg=\"http:\/\/chatteriefelynxs.fr\/site\/wp-content\/uploads\/cache\/2019\/08\/lucky-28\/3343623054.jpg\" class=\"fg-image\" \/><\/span><\/a><figcaption class=\"fg-caption\"><div class=\"fg-caption-inner\"><\/div><\/figcaption><\/figure><div class=\"fg-loader\"><\/div><\/div><div class=\"fg-item\"><figure class=\"fg-item-inner\"><a href=\"http:\/\/chatteriefelynxs.fr\/site\/wp-content\/uploads\/2019\/08\/lucky-27.jpg\" data-attachment-id=\"243\" class=\"fg-thumb\"><span class=\"fg-image-wrap\"><img width=\"130\" height=\"130\" data-src-fg=\"http:\/\/chatteriefelynxs.fr\/site\/wp-content\/uploads\/cache\/2019\/08\/lucky-27\/2655569101.jpg\" class=\"fg-image\" \/><\/span><\/a><figcaption class=\"fg-caption\"><div class=\"fg-caption-inner\"><\/div><\/figcaption><\/figure><div class=\"fg-loader\"><\/div><\/div><div class=\"fg-item\"><figure class=\"fg-item-inner\"><a href=\"http:\/\/chatteriefelynxs.fr\/site\/wp-content\/uploads\/2019\/08\/lucky-26.jpg\" data-attachment-id=\"242\" class=\"fg-thumb\"><span class=\"fg-image-wrap\"><img width=\"130\" height=\"130\" data-src-fg=\"http:\/\/chatteriefelynxs.fr\/site\/wp-content\/uploads\/cache\/2019\/08\/lucky-26\/3994313116.jpg\" class=\"fg-image\" \/><\/span><\/a><figcaption class=\"fg-caption\"><div class=\"fg-caption-inner\"><\/div><\/figcaption><\/figure><div class=\"fg-loader\"><\/div><\/div><div class=\"fg-item\"><figure class=\"fg-item-inner\"><a href=\"http:\/\/chatteriefelynxs.fr\/site\/wp-content\/uploads\/2019\/08\/lucky-24.jpg\" data-attachment-id=\"240\" class=\"fg-thumb\"><span class=\"fg-image-wrap\"><img width=\"130\" height=\"130\" data-src-fg=\"http:\/\/chatteriefelynxs.fr\/site\/wp-content\/uploads\/cache\/2019\/08\/lucky-24\/246229822.jpg\" class=\"fg-image\" \/><\/span><\/a><figcaption class=\"fg-caption\"><div class=\"fg-caption-inner\"><\/div><\/figcaption><\/figure><div class=\"fg-loader\"><\/div><\/div><div class=\"fg-item\"><figure class=\"fg-item-inner\"><a href=\"http:\/\/chatteriefelynxs.fr\/site\/wp-content\/uploads\/2019\/08\/lucky-25.jpg\" data-attachment-id=\"241\" class=\"fg-thumb\"><span class=\"fg-image-wrap\"><img width=\"130\" height=\"130\" data-src-fg=\"http:\/\/chatteriefelynxs.fr\/site\/wp-content\/uploads\/cache\/2019\/08\/lucky-25\/2129759855.jpg\" class=\"fg-image\" \/><\/span><\/a><figcaption class=\"fg-caption\"><div class=\"fg-caption-inner\"><\/div><\/figcaption><\/figure><div class=\"fg-loader\"><\/div><\/div><div class=\"fg-item\"><figure class=\"fg-item-inner\"><a href=\"http:\/\/chatteriefelynxs.fr\/site\/wp-content\/uploads\/2019\/08\/lucky-23.jpg\" data-attachment-id=\"239\" class=\"fg-thumb\"><span class=\"fg-image-wrap\"><img width=\"130\" height=\"130\" data-src-fg=\"http:\/\/chatteriefelynxs.fr\/site\/wp-content\/uploads\/cache\/2019\/08\/lucky-23\/1867081419.jpg\" class=\"fg-image\" \/><\/span><\/a><figcaption class=\"fg-caption\"><div class=\"fg-caption-inner\"><\/div><\/figcaption><\/figure><div class=\"fg-loader\"><\/div><\/div><div class=\"fg-item\"><figure class=\"fg-item-inner\"><a href=\"http:\/\/chatteriefelynxs.fr\/site\/wp-content\/uploads\/2019\/08\/lucky-22.jpg\" data-attachment-id=\"238\" class=\"fg-thumb\"><span class=\"fg-image-wrap\"><img width=\"130\" height=\"130\" data-src-fg=\"http:\/\/chatteriefelynxs.fr\/site\/wp-content\/uploads\/cache\/2019\/08\/lucky-22\/521520026.jpg\" class=\"fg-image\" \/><\/span><\/a><figcaption class=\"fg-caption\"><div class=\"fg-caption-inner\"><\/div><\/figcaption><\/figure><div class=\"fg-loader\"><\/div><\/div><div class=\"fg-item\"><figure class=\"fg-item-inner\"><a href=\"http:\/\/chatteriefelynxs.fr\/site\/wp-content\/uploads\/2019\/08\/lucky-21.jpg\" data-attachment-id=\"237\" class=\"fg-thumb\"><span class=\"fg-image-wrap\"><img width=\"130\" height=\"130\" data-src-fg=\"http:\/\/chatteriefelynxs.fr\/site\/wp-content\/uploads\/cache\/2019\/08\/lucky-21\/4133194793.jpg\" class=\"fg-image\" \/><\/span><\/a><figcaption class=\"fg-caption\"><div class=\"fg-caption-inner\"><\/div><\/figcaption><\/figure><div class=\"fg-loader\"><\/div><\/div><div class=\"fg-item\"><figure class=\"fg-item-inner\"><a href=\"http:\/\/chatteriefelynxs.fr\/site\/wp-content\/uploads\/2019\/08\/lucky-20.jpg\" data-attachment-id=\"236\" class=\"fg-thumb\"><span class=\"fg-image-wrap\"><img width=\"130\" height=\"130\" data-src-fg=\"http:\/\/chatteriefelynxs.fr\/site\/wp-content\/uploads\/cache\/2019\/08\/lucky-20\/2248616312.jpg\" class=\"fg-image\" \/><\/span><\/a><figcaption class=\"fg-caption\"><div class=\"fg-caption-inner\"><\/div><\/figcaption><\/figure><div class=\"fg-loader\"><\/div><\/div><div class=\"fg-item\"><figure class=\"fg-item-inner\"><a href=\"http:\/\/chatteriefelynxs.fr\/site\/wp-content\/uploads\/2019\/08\/lucky-19.jpg\" data-attachment-id=\"235\" class=\"fg-thumb\"><span class=\"fg-image-wrap\"><img width=\"130\" height=\"130\" data-src-fg=\"http:\/\/chatteriefelynxs.fr\/site\/wp-content\/uploads\/cache\/2019\/08\/lucky-19\/3199198854.jpg\" class=\"fg-image\" \/><\/span><\/a><figcaption class=\"fg-caption\"><div class=\"fg-caption-inner\"><\/div><\/figcaption><\/figure><div class=\"fg-loader\"><\/div><\/div><div class=\"fg-item\"><figure class=\"fg-item-inner\"><a href=\"http:\/\/chatteriefelynxs.fr\/site\/wp-content\/uploads\/2019\/08\/lucky-18.jpg\" data-attachment-id=\"234\" class=\"fg-thumb\"><span class=\"fg-image-wrap\"><img width=\"130\" height=\"130\" data-src-fg=\"http:\/\/chatteriefelynxs.fr\/site\/wp-content\/uploads\/cache\/2019\/08\/lucky-18\/3472049111.jpg\" class=\"fg-image\" \/><\/span><\/a><figcaption class=\"fg-caption\"><div class=\"fg-caption-inner\"><\/div><\/figcaption><\/figure><div class=\"fg-loader\"><\/div><\/div><div class=\"fg-item\"><figure class=\"fg-item-inner\"><a href=\"http:\/\/chatteriefelynxs.fr\/site\/wp-content\/uploads\/2019\/08\/lucky-17.jpg\" data-attachment-id=\"233\" class=\"fg-thumb\"><span class=\"fg-image-wrap\"><img width=\"130\" height=\"130\" data-src-fg=\"http:\/\/chatteriefelynxs.fr\/site\/wp-content\/uploads\/cache\/2019\/08\/lucky-17\/2549097620.jpg\" class=\"fg-image\" \/><\/span><\/a><figcaption class=\"fg-caption\"><div class=\"fg-caption-inner\"><\/div><\/figcaption><\/figure><div class=\"fg-loader\"><\/div><\/div><div class=\"fg-item\"><figure class=\"fg-item-inner\"><a href=\"http:\/\/chatteriefelynxs.fr\/site\/wp-content\/uploads\/2019\/08\/lucky-16.jpg\" data-attachment-id=\"232\" class=\"fg-thumb\"><span class=\"fg-image-wrap\"><img width=\"130\" height=\"130\" data-src-fg=\"http:\/\/chatteriefelynxs.fr\/site\/wp-content\/uploads\/cache\/2019\/08\/lucky-16\/3886842309.jpg\" class=\"fg-image\" \/><\/span><\/a><figcaption class=\"fg-caption\"><div class=\"fg-caption-inner\"><\/div><\/figcaption><\/figure><div class=\"fg-loader\"><\/div><\/div><div class=\"fg-item\"><figure class=\"fg-item-inner\"><a href=\"http:\/\/chatteriefelynxs.fr\/site\/wp-content\/uploads\/2019\/08\/lucky-15.jpg\" data-attachment-id=\"231\" class=\"fg-thumb\"><span class=\"fg-image-wrap\"><img width=\"130\" height=\"130\" data-src-fg=\"http:\/\/chatteriefelynxs.fr\/site\/wp-content\/uploads\/cache\/2019\/08\/lucky-15\/2001301046.jpg\" class=\"fg-image\" \/><\/span><\/a><figcaption class=\"fg-caption\"><div class=\"fg-caption-inner\"><\/div><\/figcaption><\/figure><div class=\"fg-loader\"><\/div><\/div><div class=\"fg-item\"><figure class=\"fg-item-inner\"><a href=\"http:\/\/chatteriefelynxs.fr\/site\/wp-content\/uploads\/2019\/08\/lucky-14.jpg\" data-attachment-id=\"230\" class=\"fg-thumb\"><span class=\"fg-image-wrap\"><img width=\"130\" height=\"130\" data-src-fg=\"http:\/\/chatteriefelynxs.fr\/site\/wp-content\/uploads\/cache\/2019\/08\/lucky-14\/118868839.jpg\" class=\"fg-image\" \/><\/span><\/a><figcaption class=\"fg-caption\"><div class=\"fg-caption-inner\"><\/div><\/figcaption><\/figure><div class=\"fg-loader\"><\/div><\/div><div class=\"fg-item\"><figure class=\"fg-item-inner\"><a href=\"http:\/\/chatteriefelynxs.fr\/site\/wp-content\/uploads\/2019\/08\/lucky-13.jpg\" data-attachment-id=\"229\" class=\"fg-thumb\"><span class=\"fg-image-wrap\"><img width=\"130\" height=\"130\" data-src-fg=\"http:\/\/chatteriefelynxs.fr\/site\/wp-content\/uploads\/cache\/2019\/08\/lucky-13\/1570993034.jpg\" class=\"fg-image\" \/><\/span><\/a><figcaption class=\"fg-caption\"><div class=\"fg-caption-inner\"><\/div><\/figcaption><\/figure><div class=\"fg-loader\"><\/div><\/div><div class=\"fg-item\"><figure class=\"fg-item-inner\"><a href=\"http:\/\/chatteriefelynxs.fr\/site\/wp-content\/uploads\/2019\/08\/lucky-12.jpg\" data-attachment-id=\"228\" class=\"fg-thumb\"><span class=\"fg-image-wrap\"><img width=\"130\" height=\"130\" data-src-fg=\"http:\/\/chatteriefelynxs.fr\/site\/wp-content\/uploads\/cache\/2019\/08\/lucky-12\/771741403.jpg\" class=\"fg-image\" \/><\/span><\/a><figcaption class=\"fg-caption\"><div class=\"fg-caption-inner\"><\/div><\/figcaption><\/figure><div class=\"fg-loader\"><\/div><\/div><div class=\"fg-item\"><figure class=\"fg-item-inner\"><a href=\"http:\/\/chatteriefelynxs.fr\/site\/wp-content\/uploads\/2019\/08\/lucky-11.jpg\" data-attachment-id=\"227\" class=\"fg-thumb\"><span class=\"fg-image-wrap\"><img width=\"130\" height=\"130\" data-src-fg=\"http:\/\/chatteriefelynxs.fr\/site\/wp-content\/uploads\/cache\/2019\/08\/lucky-11\/3299973480.jpg\" class=\"fg-image\" \/><\/span><\/a><figcaption class=\"fg-caption\"><div class=\"fg-caption-inner\"><\/div><\/figcaption><\/figure><div class=\"fg-loader\"><\/div><\/div><div class=\"fg-item\"><figure class=\"fg-item-inner\"><a href=\"http:\/\/chatteriefelynxs.fr\/site\/wp-content\/uploads\/2019\/08\/lucky-10.jpg\" data-attachment-id=\"226\" class=\"fg-thumb\"><span class=\"fg-image-wrap\"><img width=\"130\" height=\"130\" data-src-fg=\"http:\/\/chatteriefelynxs.fr\/site\/wp-content\/uploads\/cache\/2019\/08\/lucky-10\/3035446329.jpg\" class=\"fg-image\" \/><\/span><\/a><figcaption class=\"fg-caption\"><div class=\"fg-caption-inner\"><\/div><\/figcaption><\/figure><div class=\"fg-loader\"><\/div><\/div><div class=\"fg-item\"><figure class=\"fg-item-inner\"><a href=\"http:\/\/chatteriefelynxs.fr\/site\/wp-content\/uploads\/2019\/08\/lucky-9.jpg\" data-attachment-id=\"224\" class=\"fg-thumb\"><span class=\"fg-image-wrap\"><img width=\"130\" height=\"130\" data-src-fg=\"http:\/\/chatteriefelynxs.fr\/site\/wp-content\/uploads\/cache\/2019\/08\/lucky-9\/3734434791.jpg\" class=\"fg-image\" \/><\/span><\/a><figcaption class=\"fg-caption\"><div class=\"fg-caption-inner\"><\/div><\/figcaption><\/figure><div class=\"fg-loader\"><\/div><\/div><div class=\"fg-item\"><figure class=\"fg-item-inner\"><a href=\"http:\/\/chatteriefelynxs.fr\/site\/wp-content\/uploads\/2019\/08\/lucky-8.jpg\" data-attachment-id=\"223\" class=\"fg-thumb\"><span class=\"fg-image-wrap\"><img width=\"130\" height=\"130\" data-src-fg=\"http:\/\/chatteriefelynxs.fr\/site\/wp-content\/uploads\/cache\/2019\/08\/lucky-8\/1412356076.jpg\" class=\"fg-image\" \/><\/span><\/a><figcaption class=\"fg-caption\"><div class=\"fg-caption-inner\"><\/div><\/figcaption><\/figure><div class=\"fg-loader\"><\/div><\/div><div class=\"fg-item\"><figure class=\"fg-item-inner\"><a href=\"http:\/\/chatteriefelynxs.fr\/site\/wp-content\/uploads\/2019\/08\/lucky-7.jpg\" data-attachment-id=\"222\" class=\"fg-thumb\"><span class=\"fg-image-wrap\"><img width=\"130\" height=\"130\" data-src-fg=\"http:\/\/chatteriefelynxs.fr\/site\/wp-content\/uploads\/cache\/2019\/08\/lucky-7\/489165041.jpg\" class=\"fg-image\" \/><\/span><\/a><figcaption class=\"fg-caption\"><div class=\"fg-caption-inner\"><\/div><\/figcaption><\/figure><div class=\"fg-loader\"><\/div><\/div><div class=\"fg-item\"><figure class=\"fg-item-inner\"><a href=\"http:\/\/chatteriefelynxs.fr\/site\/wp-content\/uploads\/2019\/08\/lucky-6.jpg\" data-attachment-id=\"221\" class=\"fg-thumb\"><span class=\"fg-image-wrap\"><img width=\"130\" height=\"130\" data-src-fg=\"http:\/\/chatteriefelynxs.fr\/site\/wp-content\/uploads\/cache\/2019\/08\/lucky-6\/3130550525.jpg\" class=\"fg-image\" \/><\/span><\/a><figcaption class=\"fg-caption\"><div class=\"fg-caption-inner\"><\/div><\/figcaption><\/figure><div class=\"fg-loader\"><\/div><\/div><div class=\"fg-item\"><figure class=\"fg-item-inner\"><a href=\"http:\/\/chatteriefelynxs.fr\/site\/wp-content\/uploads\/2019\/08\/lucky-5.jpg\" data-attachment-id=\"220\" class=\"fg-thumb\"><span class=\"fg-image-wrap\"><img width=\"130\" height=\"130\" data-src-fg=\"http:\/\/chatteriefelynxs.fr\/site\/wp-content\/uploads\/cache\/2019\/08\/lucky-5\/2754722479.jpg\" class=\"fg-image\" \/><\/span><\/a><figcaption class=\"fg-caption\"><div class=\"fg-caption-inner\"><\/div><\/figcaption><\/figure><div class=\"fg-loader\"><\/div><\/div><div class=\"fg-item\"><figure class=\"fg-item-inner\"><a href=\"http:\/\/chatteriefelynxs.fr\/site\/wp-content\/uploads\/2019\/08\/lucky-4.jpg\" data-attachment-id=\"219\" class=\"fg-thumb\"><span class=\"fg-image-wrap\"><img width=\"130\" height=\"130\" data-src-fg=\"http:\/\/chatteriefelynxs.fr\/site\/wp-content\/uploads\/cache\/2019\/08\/lucky-4\/3167174558.jpg\" class=\"fg-image\" \/><\/span><\/a><figcaption class=\"fg-caption\"><div class=\"fg-caption-inner\"><\/div><\/figcaption><\/figure><div class=\"fg-loader\"><\/div><\/div><div class=\"fg-item\"><figure class=\"fg-item-inner\"><a href=\"http:\/\/chatteriefelynxs.fr\/site\/wp-content\/uploads\/2019\/08\/lucky-3.jpg\" data-attachment-id=\"218\" class=\"fg-thumb\"><span class=\"fg-image-wrap\"><img width=\"130\" height=\"130\" data-src-fg=\"http:\/\/chatteriefelynxs.fr\/site\/wp-content\/uploads\/cache\/2019\/08\/lucky-3\/639951670.jpg\" class=\"fg-image\" \/><\/span><\/a><figcaption class=\"fg-caption\"><div class=\"fg-caption-inner\"><\/div><\/figcaption><\/figure><div class=\"fg-loader\"><\/div><\/div><div class=\"fg-item\"><figure class=\"fg-item-inner\"><a href=\"http:\/\/chatteriefelynxs.fr\/site\/wp-content\/uploads\/2019\/08\/lucky-2.jpg\" data-attachment-id=\"217\" class=\"fg-thumb\"><span class=\"fg-image-wrap\"><img width=\"130\" height=\"130\" data-src-fg=\"http:\/\/chatteriefelynxs.fr\/site\/wp-content\/uploads\/cache\/2019\/08\/lucky-2\/4136402739.jpg\" class=\"fg-image\" \/><\/span><\/a><figcaption class=\"fg-caption\"><div class=\"fg-caption-inner\"><\/div><\/figcaption><\/figure><div class=\"fg-loader\"><\/div><\/div><div class=\"fg-item\"><figure class=\"fg-item-inner\"><a href=\"http:\/\/chatteriefelynxs.fr\/site\/wp-content\/uploads\/2019\/08\/lucky-1.jpg\" data-attachment-id=\"216\" class=\"fg-thumb\"><span class=\"fg-image-wrap\"><img width=\"130\" height=\"130\" data-src-fg=\"http:\/\/chatteriefelynxs.fr\/site\/wp-content\/uploads\/cache\/2019\/08\/lucky-1\/3894783329.jpg\" class=\"fg-image\" \/><\/span><\/a><figcaption class=\"fg-caption\"><div class=\"fg-caption-inner\"><\/div><\/figcaption><\/figure><div class=\"fg-loader\"><\/div><\/div><\/div>\r\n\n","protected":false},"excerpt":{"rendered":"<p>dit \u00ab\u00a0Charm Charm\u00a0\u00bb M\u00e2le &#8211; N\u00e9 le 27\/09\/2015 Roux blotched tabby et blanc bicolore (MCO d 03 22) Poids : 10,5kg P\u00e8re : DK* Red Line\u2019s Hot Spot M\u00e8re : Silverfern\u2019s Cassiop\u00e9ia Pedigree Lucky est tout simplement la perle des chats ! Doux,\u00a0 calme,\u00a0 gentil,\u00a0 c\u00e2lin,\u00a0 pot de colle et sans une once d\u2019agressivit\u00e9&#8230; Bref <a class=\"read-more\" href=\"http:\/\/chatteriefelynxs.fr\/site\/mainefields-lucky-charm\/\">Read More<\/a><\/p>\n","protected":false},"author":1,"featured_media":0,"parent":0,"menu_order":0,"comment_status":"closed","ping_status":"closed","template":"","meta":{"footnotes":""},"class_list":["post-207","page","type-page","status-publish","hentry"],"_links":{"self":[{"href":"http:\/\/chatteriefelynxs.fr\/site\/wp-json\/wp\/v2\/pages\/207","targetHints":{"allow":["GET"]}}],"collection":[{"href":"http:\/\/chatteriefelynxs.fr\/site\/wp-json\/wp\/v2\/pages"}],"about":[{"href":"http:\/\/chatteriefelynxs.fr\/site\/wp-json\/wp\/v2\/types\/page"}],"author":[{"embeddable":true,"href":"http:\/\/chatteriefelynxs.fr\/site\/wp-json\/wp\/v2\/users\/1"}],"replies":[{"embeddable":true,"href":"http:\/\/chatteriefelynxs.fr\/site\/wp-json\/wp\/v2\/comments?post=207"}],"version-history":[{"count":24,"href":"http:\/\/chatteriefelynxs.fr\/site\/wp-json\/wp\/v2\/pages\/207\/revisions"}],"predecessor-version":[{"id":871,"href":"http:\/\/chatteriefelynxs.fr\/site\/wp-json\/wp\/v2\/pages\/207\/revisions\/871"}],"wp:attachment":[{"href":"http:\/\/chatteriefelynxs.fr\/site\/wp-json\/wp\/v2\/media?parent=207"}],"curies":[{"name":"wp","href":"https:\/\/api.w.org\/{rel}","templated":true}]}}