{"id":171,"date":"2019-08-06T14:16:56","date_gmt":"2019-08-06T13:16:56","guid":{"rendered":"http:\/\/chatteriefelynxs.fr\/site\/?page_id=171"},"modified":"2019-08-06T16:03:31","modified_gmt":"2019-08-06T15:03:31","slug":"in-memory","status":"publish","type":"page","link":"http:\/\/chatteriefelynxs.fr\/site\/in-memory\/","title":{"rendered":"In memory"},"content":{"rendered":"<h3><span class=\"_5yl5\">Nirvana Charm<\/span><\/h3>\n<p>Femelle &#8211; <span class=\"_5yl5\">Red ticked tabby (MCO d 25)<br \/>\nN<\/span><span class=\"_5yl5\">\u00e9e le 25\/05\/2018<br \/>\n<\/span><span class=\"_5yl5\">P\u00e8re : Mainelynx Harwell<br \/>\nM\u00e8re : X&rsquo;Luiza Largowinch<br \/>\n<\/span><\/p>\n<p><span class=\"_5yl5\">Nirvana Charm&#8230; notre lionne! Partie si vite&#8230; La peine de notre c\u0153ur est immense&#8230; Elle \u00e9tait si belle, si douce, et tellement c\u00e2line&#8230; C\u2019\u00e9tait une expression, une couleur, un look, un caract\u00e8re&#8230; Nous ne l\u2019oublierons jamais, elle sera toujours avec nous, elle fera toujours partie de la famille. Son \u00e2me repose en paix. Son urne sera toujours \u00e0 nos cot\u00e9s, \u00e0 sa place, avec sa famille . Nirvana Charm restera \u00e0 jamais dans notre t\u00eate et dans notre c\u0153ur&#8230; Le malheur de l\u2019avoir perdue ne doit jamais faire oublier le bonheur de l\u2019avoir connue. A tout jamais ma Lionne&#8230;<br \/>\n<\/span><\/p>\n<div class=\"foogallery foogallery-container foogallery-default foogallery-lightbox-foobox fg-gutter-10 fg-center fg-default fg-light fg-shadow-outline fg-loading-default fg-loaded-fade-in fg-custom fg-hover-grayscale fg-caption-hover fg-hover-fade fg-hover-zoom\" id=\"foogallery-gallery-204\" data-foogallery=\"{&quot;item&quot;:{&quot;showCaptionTitle&quot;:true,&quot;showCaptionDescription&quot;:true},&quot;lazy&quot;:true,&quot;src&quot;:&quot;data-src-fg&quot;,&quot;srcset&quot;:&quot;data-srcset-fg&quot;}\" data-fg-common-fields=\"1\" >\r\n\t<div class=\"fg-item\"><figure class=\"fg-item-inner\"><a href=\"http:\/\/chatteriefelynxs.fr\/site\/wp-content\/uploads\/2019\/08\/nirvanacharm-16.jpg\" data-attachment-id=\"194\" class=\"fg-thumb\"><span class=\"fg-image-wrap\"><img width=\"130\" height=\"130\" data-src-fg=\"http:\/\/chatteriefelynxs.fr\/site\/wp-content\/uploads\/cache\/2019\/08\/nirvanacharm-16\/2850967348.jpg\" class=\"fg-image\" \/><\/span><\/a><figcaption class=\"fg-caption\"><div class=\"fg-caption-inner\"><\/div><\/figcaption><\/figure><div class=\"fg-loader\"><\/div><\/div><div class=\"fg-item\"><figure class=\"fg-item-inner\"><a href=\"http:\/\/chatteriefelynxs.fr\/site\/wp-content\/uploads\/2019\/08\/nirvanacharm-15.jpg\" data-attachment-id=\"193\" class=\"fg-thumb\"><span class=\"fg-image-wrap\"><img width=\"130\" height=\"130\" data-src-fg=\"http:\/\/chatteriefelynxs.fr\/site\/wp-content\/uploads\/cache\/2019\/08\/nirvanacharm-15\/3797868980.jpg\" class=\"fg-image\" \/><\/span><\/a><figcaption class=\"fg-caption\"><div class=\"fg-caption-inner\"><\/div><\/figcaption><\/figure><div class=\"fg-loader\"><\/div><\/div><div class=\"fg-item\"><figure class=\"fg-item-inner\"><a href=\"http:\/\/chatteriefelynxs.fr\/site\/wp-content\/uploads\/2019\/08\/nirvanacharm-12.jpg\" data-attachment-id=\"190\" class=\"fg-thumb\"><span class=\"fg-image-wrap\"><img width=\"130\" height=\"130\" data-src-fg=\"http:\/\/chatteriefelynxs.fr\/site\/wp-content\/uploads\/cache\/2019\/08\/nirvanacharm-12\/370582220.jpg\" class=\"fg-image\" \/><\/span><\/a><figcaption class=\"fg-caption\"><div class=\"fg-caption-inner\"><\/div><\/figcaption><\/figure><div class=\"fg-loader\"><\/div><\/div><div class=\"fg-item\"><figure class=\"fg-item-inner\"><a href=\"http:\/\/chatteriefelynxs.fr\/site\/wp-content\/uploads\/2019\/08\/nirvanacharm-11.jpg\" data-attachment-id=\"189\" class=\"fg-thumb\"><span class=\"fg-image-wrap\"><img width=\"130\" height=\"130\" data-src-fg=\"http:\/\/chatteriefelynxs.fr\/site\/wp-content\/uploads\/cache\/2019\/08\/nirvanacharm-11\/2890002056.jpg\" class=\"fg-image\" \/><\/span><\/a><figcaption class=\"fg-caption\"><div class=\"fg-caption-inner\"><\/div><\/figcaption><\/figure><div class=\"fg-loader\"><\/div><\/div><div class=\"fg-item\"><figure class=\"fg-item-inner\"><a href=\"http:\/\/chatteriefelynxs.fr\/site\/wp-content\/uploads\/2019\/08\/nirvanacharm-13.jpg\" data-attachment-id=\"191\" class=\"fg-thumb\"><span class=\"fg-image-wrap\"><img width=\"130\" height=\"130\" data-src-fg=\"http:\/\/chatteriefelynxs.fr\/site\/wp-content\/uploads\/cache\/2019\/08\/nirvanacharm-13\/971545010.jpg\" class=\"fg-image\" \/><\/span><\/a><figcaption class=\"fg-caption\"><div class=\"fg-caption-inner\"><\/div><\/figcaption><\/figure><div class=\"fg-loader\"><\/div><\/div><div class=\"fg-item\"><figure class=\"fg-item-inner\"><a href=\"http:\/\/chatteriefelynxs.fr\/site\/wp-content\/uploads\/2019\/08\/nirvanacharm-14.jpg\" data-attachment-id=\"192\" class=\"fg-thumb\"><span class=\"fg-image-wrap\"><img width=\"130\" height=\"130\" data-src-fg=\"http:\/\/chatteriefelynxs.fr\/site\/wp-content\/uploads\/cache\/2019\/08\/nirvanacharm-14\/3449871050.jpg\" class=\"fg-image\" \/><\/span><\/a><figcaption class=\"fg-caption\"><div class=\"fg-caption-inner\"><\/div><\/figcaption><\/figure><div class=\"fg-loader\"><\/div><\/div><div class=\"fg-item\"><figure class=\"fg-item-inner\"><a href=\"http:\/\/chatteriefelynxs.fr\/site\/wp-content\/uploads\/2019\/08\/nirvanacharm-17.jpg\" data-attachment-id=\"195\" class=\"fg-thumb\"><span class=\"fg-image-wrap\"><img width=\"130\" height=\"130\" data-src-fg=\"http:\/\/chatteriefelynxs.fr\/site\/wp-content\/uploads\/cache\/2019\/08\/nirvanacharm-17\/2249225290.jpg\" class=\"fg-image\" \/><\/span><\/a><figcaption class=\"fg-caption\"><div class=\"fg-caption-inner\"><\/div><\/figcaption><\/figure><div class=\"fg-loader\"><\/div><\/div><div class=\"fg-item\"><figure class=\"fg-item-inner\"><a href=\"http:\/\/chatteriefelynxs.fr\/site\/wp-content\/uploads\/2019\/08\/nirvanacharm-19.jpg\" data-attachment-id=\"197\" class=\"fg-thumb\"><span class=\"fg-image-wrap\"><img width=\"130\" height=\"130\" data-src-fg=\"http:\/\/chatteriefelynxs.fr\/site\/wp-content\/uploads\/cache\/2019\/08\/nirvanacharm-19\/2386761721.jpg\" class=\"fg-image\" \/><\/span><\/a><figcaption class=\"fg-caption\"><div class=\"fg-caption-inner\"><\/div><\/figcaption><\/figure><div class=\"fg-loader\"><\/div><\/div><div class=\"fg-item\"><figure class=\"fg-item-inner\"><a href=\"http:\/\/chatteriefelynxs.fr\/site\/wp-content\/uploads\/2019\/08\/nirvanacharm-18.jpg\" data-attachment-id=\"196\" class=\"fg-thumb\"><span class=\"fg-image-wrap\"><img width=\"130\" height=\"130\" data-src-fg=\"http:\/\/chatteriefelynxs.fr\/site\/wp-content\/uploads\/cache\/2019\/08\/nirvanacharm-18\/2713529479.jpg\" class=\"fg-image\" \/><\/span><\/a><figcaption class=\"fg-caption\"><div class=\"fg-caption-inner\"><\/div><\/figcaption><\/figure><div class=\"fg-loader\"><\/div><\/div><div class=\"fg-item\"><figure class=\"fg-item-inner\"><a href=\"http:\/\/chatteriefelynxs.fr\/site\/wp-content\/uploads\/2019\/08\/nirvanacharm-22.jpg\" data-attachment-id=\"200\" class=\"fg-thumb\"><span class=\"fg-image-wrap\"><img width=\"130\" height=\"130\" data-src-fg=\"http:\/\/chatteriefelynxs.fr\/site\/wp-content\/uploads\/cache\/2019\/08\/nirvanacharm-22\/1653048688.jpg\" class=\"fg-image\" \/><\/span><\/a><figcaption class=\"fg-caption\"><div class=\"fg-caption-inner\"><\/div><\/figcaption><\/figure><div class=\"fg-loader\"><\/div><\/div><div class=\"fg-item\"><figure class=\"fg-item-inner\"><a href=\"http:\/\/chatteriefelynxs.fr\/site\/wp-content\/uploads\/2019\/08\/nirvanacharm-21.jpg\" data-attachment-id=\"199\" class=\"fg-thumb\"><span class=\"fg-image-wrap\"><img width=\"130\" height=\"130\" data-src-fg=\"http:\/\/chatteriefelynxs.fr\/site\/wp-content\/uploads\/cache\/2019\/08\/nirvanacharm-21\/891642894.jpg\" class=\"fg-image\" \/><\/span><\/a><figcaption class=\"fg-caption\"><div class=\"fg-caption-inner\"><\/div><\/figcaption><\/figure><div class=\"fg-loader\"><\/div><\/div><div class=\"fg-item\"><figure class=\"fg-item-inner\"><a href=\"http:\/\/chatteriefelynxs.fr\/site\/wp-content\/uploads\/2019\/08\/nirvanacharm-20.jpg\" data-attachment-id=\"198\" class=\"fg-thumb\"><span class=\"fg-image-wrap\"><img width=\"130\" height=\"130\" data-src-fg=\"http:\/\/chatteriefelynxs.fr\/site\/wp-content\/uploads\/cache\/2019\/08\/nirvanacharm-20\/450584432.jpg\" class=\"fg-image\" \/><\/span><\/a><figcaption class=\"fg-caption\"><div class=\"fg-caption-inner\"><\/div><\/figcaption><\/figure><div class=\"fg-loader\"><\/div><\/div><div class=\"fg-item\"><figure class=\"fg-item-inner\"><a href=\"http:\/\/chatteriefelynxs.fr\/site\/wp-content\/uploads\/2019\/08\/nirvanacharm-10.jpg\" data-attachment-id=\"188\" class=\"fg-thumb\"><span class=\"fg-image-wrap\"><img width=\"130\" height=\"130\" data-src-fg=\"http:\/\/chatteriefelynxs.fr\/site\/wp-content\/uploads\/cache\/2019\/08\/nirvanacharm-10\/2210387446.jpg\" class=\"fg-image\" \/><\/span><\/a><figcaption class=\"fg-caption\"><div class=\"fg-caption-inner\"><\/div><\/figcaption><\/figure><div class=\"fg-loader\"><\/div><\/div><div class=\"fg-item\"><figure class=\"fg-item-inner\"><a href=\"http:\/\/chatteriefelynxs.fr\/site\/wp-content\/uploads\/2019\/08\/nirvanacharm-9.jpg\" data-attachment-id=\"187\" class=\"fg-thumb\"><span class=\"fg-image-wrap\"><img width=\"130\" height=\"130\" data-src-fg=\"http:\/\/chatteriefelynxs.fr\/site\/wp-content\/uploads\/cache\/2019\/08\/nirvanacharm-9\/4007032239.jpg\" class=\"fg-image\" \/><\/span><\/a><figcaption class=\"fg-caption\"><div class=\"fg-caption-inner\"><\/div><\/figcaption><\/figure><div class=\"fg-loader\"><\/div><\/div><div class=\"fg-item\"><figure class=\"fg-item-inner\"><a href=\"http:\/\/chatteriefelynxs.fr\/site\/wp-content\/uploads\/2019\/08\/nirvanacharm-8.jpg\" data-attachment-id=\"186\" class=\"fg-thumb\"><span class=\"fg-image-wrap\"><img width=\"130\" height=\"130\" data-src-fg=\"http:\/\/chatteriefelynxs.fr\/site\/wp-content\/uploads\/cache\/2019\/08\/nirvanacharm-8\/357337017.jpg\" class=\"fg-image\" \/><\/span><\/a><figcaption class=\"fg-caption\"><div class=\"fg-caption-inner\"><\/div><\/figcaption><\/figure><div class=\"fg-loader\"><\/div><\/div><div class=\"fg-item\"><figure class=\"fg-item-inner\"><a href=\"http:\/\/chatteriefelynxs.fr\/site\/wp-content\/uploads\/2019\/08\/nirvanacharm-7.jpg\" data-attachment-id=\"185\" class=\"fg-thumb\"><span class=\"fg-image-wrap\"><img width=\"130\" height=\"130\" data-src-fg=\"http:\/\/chatteriefelynxs.fr\/site\/wp-content\/uploads\/cache\/2019\/08\/nirvanacharm-7\/2503836301.jpg\" class=\"fg-image\" \/><\/span><\/a><figcaption class=\"fg-caption\"><div class=\"fg-caption-inner\"><\/div><\/figcaption><\/figure><div class=\"fg-loader\"><\/div><\/div><div class=\"fg-item\"><figure class=\"fg-item-inner\"><a href=\"http:\/\/chatteriefelynxs.fr\/site\/wp-content\/uploads\/2019\/08\/nirvanacharm-6.jpg\" data-attachment-id=\"184\" class=\"fg-thumb\"><span class=\"fg-image-wrap\"><img width=\"130\" height=\"130\" data-src-fg=\"http:\/\/chatteriefelynxs.fr\/site\/wp-content\/uploads\/cache\/2019\/08\/nirvanacharm-6\/1856467099.jpg\" class=\"fg-image\" \/><\/span><\/a><figcaption class=\"fg-caption\"><div class=\"fg-caption-inner\"><\/div><\/figcaption><\/figure><div class=\"fg-loader\"><\/div><\/div><div class=\"fg-item\"><figure class=\"fg-item-inner\"><a href=\"http:\/\/chatteriefelynxs.fr\/site\/wp-content\/uploads\/2019\/08\/nirvanacharm-5.jpg\" data-attachment-id=\"183\" class=\"fg-thumb\"><span class=\"fg-image-wrap\"><img width=\"130\" height=\"130\" data-src-fg=\"http:\/\/chatteriefelynxs.fr\/site\/wp-content\/uploads\/cache\/2019\/08\/nirvanacharm-5\/1706732224.jpg\" class=\"fg-image\" \/><\/span><\/a><figcaption class=\"fg-caption\"><div class=\"fg-caption-inner\"><\/div><\/figcaption><\/figure><div class=\"fg-loader\"><\/div><\/div><div class=\"fg-item\"><figure class=\"fg-item-inner\"><a href=\"http:\/\/chatteriefelynxs.fr\/site\/wp-content\/uploads\/2019\/08\/nirvanacharm-4.jpg\" data-attachment-id=\"182\" class=\"fg-thumb\"><span class=\"fg-image-wrap\"><img width=\"130\" height=\"130\" data-src-fg=\"http:\/\/chatteriefelynxs.fr\/site\/wp-content\/uploads\/cache\/2019\/08\/nirvanacharm-4\/2652920022.jpg\" class=\"fg-image\" \/><\/span><\/a><figcaption class=\"fg-caption\"><div class=\"fg-caption-inner\"><\/div><\/figcaption><\/figure><div class=\"fg-loader\"><\/div><\/div><div class=\"fg-item\"><figure class=\"fg-item-inner\"><a href=\"http:\/\/chatteriefelynxs.fr\/site\/wp-content\/uploads\/2019\/08\/nirvanacharm-3.jpg\" data-attachment-id=\"181\" class=\"fg-thumb\"><span class=\"fg-image-wrap\"><img width=\"130\" height=\"130\" data-src-fg=\"http:\/\/chatteriefelynxs.fr\/site\/wp-content\/uploads\/cache\/2019\/08\/nirvanacharm-3\/3451143767.jpg\" class=\"fg-image\" \/><\/span><\/a><figcaption class=\"fg-caption\"><div class=\"fg-caption-inner\"><\/div><\/figcaption><\/figure><div class=\"fg-loader\"><\/div><\/div><div class=\"fg-item\"><figure class=\"fg-item-inner\"><a href=\"http:\/\/chatteriefelynxs.fr\/site\/wp-content\/uploads\/2019\/08\/nirvanacharm-2.jpg\" data-attachment-id=\"180\" class=\"fg-thumb\"><span class=\"fg-image-wrap\"><img width=\"130\" height=\"130\" data-src-fg=\"http:\/\/chatteriefelynxs.fr\/site\/wp-content\/uploads\/cache\/2019\/08\/nirvanacharm-2\/909030465.jpg\" class=\"fg-image\" \/><\/span><\/a><figcaption class=\"fg-caption\"><div class=\"fg-caption-inner\"><\/div><\/figcaption><\/figure><div class=\"fg-loader\"><\/div><\/div><div class=\"fg-item\"><figure class=\"fg-item-inner\"><a href=\"http:\/\/chatteriefelynxs.fr\/site\/wp-content\/uploads\/2019\/08\/nirvanacharm-1.jpg\" data-attachment-id=\"179\" class=\"fg-thumb\"><span class=\"fg-image-wrap\"><img width=\"130\" height=\"130\" data-src-fg=\"http:\/\/chatteriefelynxs.fr\/site\/wp-content\/uploads\/cache\/2019\/08\/nirvanacharm-1\/1597881420.jpg\" class=\"fg-image\" \/><\/span><\/a><figcaption class=\"fg-caption\"><div class=\"fg-caption-inner\"><\/div><\/figcaption><\/figure><div class=\"fg-loader\"><\/div><\/div><\/div>\r\n\n","protected":false},"excerpt":{"rendered":"<p>Nirvana Charm Femelle &#8211; Red ticked tabby (MCO d 25) N\u00e9e le 25\/05\/2018 P\u00e8re : Mainelynx Harwell M\u00e8re : X&rsquo;Luiza Largowinch Nirvana Charm&#8230; notre lionne! Partie si vite&#8230; La peine de notre c\u0153ur est immense&#8230; Elle \u00e9tait si belle, si douce, et tellement c\u00e2line&#8230; C\u2019\u00e9tait une expression, une couleur, un look, un caract\u00e8re&#8230; Nous ne <a class=\"read-more\" href=\"http:\/\/chatteriefelynxs.fr\/site\/in-memory\/\">Read More<\/a><\/p>\n","protected":false},"author":1,"featured_media":0,"parent":0,"menu_order":0,"comment_status":"closed","ping_status":"closed","template":"","meta":{"footnotes":""},"class_list":["post-171","page","type-page","status-publish","hentry"],"_links":{"self":[{"href":"http:\/\/chatteriefelynxs.fr\/site\/wp-json\/wp\/v2\/pages\/171","targetHints":{"allow":["GET"]}}],"collection":[{"href":"http:\/\/chatteriefelynxs.fr\/site\/wp-json\/wp\/v2\/pages"}],"about":[{"href":"http:\/\/chatteriefelynxs.fr\/site\/wp-json\/wp\/v2\/types\/page"}],"author":[{"embeddable":true,"href":"http:\/\/chatteriefelynxs.fr\/site\/wp-json\/wp\/v2\/users\/1"}],"replies":[{"embeddable":true,"href":"http:\/\/chatteriefelynxs.fr\/site\/wp-json\/wp\/v2\/comments?post=171"}],"version-history":[{"count":10,"href":"http:\/\/chatteriefelynxs.fr\/site\/wp-json\/wp\/v2\/pages\/171\/revisions"}],"predecessor-version":[{"id":205,"href":"http:\/\/chatteriefelynxs.fr\/site\/wp-json\/wp\/v2\/pages\/171\/revisions\/205"}],"wp:attachment":[{"href":"http:\/\/chatteriefelynxs.fr\/site\/wp-json\/wp\/v2\/media?parent=171"}],"curies":[{"name":"wp","href":"https:\/\/api.w.org\/{rel}","templated":true}]}}