{"id":167,"date":"2019-08-03T18:20:50","date_gmt":"2019-08-03T17:20:50","guid":{"rendered":"http:\/\/chatteriefelynxs.fr\/site\/?page_id=167"},"modified":"2019-08-06T16:07:57","modified_gmt":"2019-08-06T15:07:57","slug":"livre-dor","status":"publish","type":"page","link":"http:\/\/chatteriefelynxs.fr\/site\/livre-dor\/","title":{"rendered":"Livre d&rsquo;or"},"content":{"rendered":"<div id=\"gwolle_gb\"><div id=\"gwolle_gb_messages_top_container\"><\/div>\n\t\t\t<div id=\"gwolle_gb_write_button\">\n\t\t\t\t<input type=\"button\" class=\"button btn btn-default \" value=\"&raquo; \u00c9crire un nouveau message.\" \/>\n\t\t\t<\/div>\n\t\t\t<form id=\"gwolle_gb_new_entry\" action=\"#\" method=\"POST\" class=\"gwolle_gb_hide gwolle_gb_float gwolle-gb-float gwolle_gb_form_ajax gwolle-gb-form-ajax\">\n\t\t\t\t<h3>\u00c9crivez un nouveau message dans le livre d&#39;or<\/h3>\n\t\t\t\t<button type=\"button\" class=\"gb-notice-dismiss\"><span class=\"screen-reader-text\">Masquer ce formulaire.<\/span><\/button>\n\t\t\t\n\t\t\t\t<input type=\"hidden\" name=\"gwolle_gb_function\" id=\"gwolle_gb_function\" value=\"add_entry\" \/><input type=\"hidden\" name=\"gwolle_gb_book_id\" id=\"gwolle_gb_book_id\" value=\"1\" \/><div class=\"gwolle_gb_4e946587d2bbdb2a82f3218e14e63faf\">\n\t\t\t\t<div class=\"label\"><label for=\"gwolle_gb_4e946587d2bbdb2a82f3218e14e63faf\" class=\"text-info\">Nom: *<\/label><\/div>\n\t\t\t\t<div class=\"input\"><input class=\"wp-exclude-emoji \" value=\"\" type=\"text\" name=\"gwolle_gb_4e946587d2bbdb2a82f3218e14e63faf\" id=\"gwolle_gb_4e946587d2bbdb2a82f3218e14e63faf\" placeholder=\"Nom\" required \/><\/div>\n\t\t\t<\/div>\n\t\t\t<div class=\"clearBoth\">&nbsp;<\/div><div class=\"gwolle_gb_fcc02c7f9daf427713cc7c32874e7d4a\">\n\t\t\t\t\t<div class=\"label\"><label for=\"gwolle_gb_fcc02c7f9daf427713cc7c32874e7d4a\" class=\"text-info\">Ville:<\/label><\/div>\n\t\t\t\t\t<div class=\"input\"><input class=\"wp-exclude-emoji \" value=\"\" type=\"text\" name=\"gwolle_gb_fcc02c7f9daf427713cc7c32874e7d4a\" id=\"gwolle_gb_fcc02c7f9daf427713cc7c32874e7d4a\" placeholder=\"Ville\" \/><\/div>\n\t\t\t\t<\/div>\n\t\t\t\t<div class=\"clearBoth\">&nbsp;<\/div><div class=\"gwolle_gb_c91d97c8c8e713597e927f5ef264118d\">\n\t\t\t\t<div class=\"label\"><label for=\"gwolle_gb_c91d97c8c8e713597e927f5ef264118d\" class=\"text-info\">E-mail: *<\/label><\/div>\n\t\t\t\t<div class=\"input\"><input class=\"\" value=\"\" type=\"email\" name=\"gwolle_gb_c91d97c8c8e713597e927f5ef264118d\" id=\"gwolle_gb_c91d97c8c8e713597e927f5ef264118d\" placeholder=\"E-mail\"  required \/><\/div>\n\t\t\t<\/div>\n\t\t\t<div class=\"clearBoth\">&nbsp;<\/div><div class=\"gwolle_gb_876e1215230c5a2f94f6ff32c75f05f2\">\n\t\t\t\t<div class=\"label\"><label for=\"gwolle_gb_876e1215230c5a2f94f6ff32c75f05f2\" class=\"text-info\">Site web:<\/label><\/div>\n\t\t\t\t<div class=\"input\"><input class=\"\" value=\"\" type=\"url\" name=\"gwolle_gb_876e1215230c5a2f94f6ff32c75f05f2\" id=\"gwolle_gb_876e1215230c5a2f94f6ff32c75f05f2\" placeholder=\"Site web\"  \/><\/div>\n\t\t\t<\/div>\n\t\t\t<div class=\"clearBoth\">&nbsp;<\/div>\n\t\t\t<div class=\"gwolle_gb_7267b1ef2e15b5f93b8e905c90fe4774\" style=\"display:none;\">\n\t\t\t\t<div class=\"label\">\n\t\t\t\t\t<label for=\"gwolle_gb_7267b1ef2e15b5f93b8e905c90fe4774\" class=\"text-primary\">Ne touchez pas \u00e0 ceci:<\/label>\n\t\t\t\t\t<label for=\"gwolle_gb_8421f4e1cb45ba7c74ea90d73a4b9ec4\" class=\"text-primary\">Ne touchez pas \u00e0 ceci:<\/label>\n\t\t\t\t<\/div>\n\t\t\t\t<div class=\"input\">\n\t\t\t\t\t<input value=\"18\" type=\"text\" name=\"gwolle_gb_7267b1ef2e15b5f93b8e905c90fe4774\" id=\"gwolle_gb_7267b1ef2e15b5f93b8e905c90fe4774\" placeholder=\"\" \/>\n\t\t\t\t\t<input value=\"\" type=\"text\" name=\"gwolle_gb_8421f4e1cb45ba7c74ea90d73a4b9ec4\" id=\"gwolle_gb_8421f4e1cb45ba7c74ea90d73a4b9ec4\" placeholder=\"\" \/>\n\t\t\t\t<\/div>\n\t\t\t<\/div>\n\t\t\t<div class=\"clearBoth\"><\/div>\n\t\t\t<div class=\"gwolle_gb_62e0101eaa85ff16f4accb0d0b07d8e0\" style=\"display:none;\">\n\t\t\t\t<div class=\"label\">\n\t\t\t\t\t<label for=\"gwolle_gb_62e0101eaa85ff16f4accb0d0b07d8e0\" class=\"text-primary\">Ne touchez pas \u00e0 ceci:<\/label>\n\t\t\t\t\t<label for=\"gwolle_gb_5f6ed0c67f91e3dff484974ae50bdf75\" class=\"text-primary\">Ne touchez pas \u00e0 ceci:<\/label>\n\t\t\t\t<\/div>\n\t\t\t\t<div class=\"input\">\n\t\t\t\t\t<input value=\"13131\" type=\"text\" name=\"gwolle_gb_62e0101eaa85ff16f4accb0d0b07d8e0\" id=\"gwolle_gb_62e0101eaa85ff16f4accb0d0b07d8e0\" placeholder=\"\" \/>\n\t\t\t\t\t<input value=\"13131\" type=\"text\" name=\"gwolle_gb_5f6ed0c67f91e3dff484974ae50bdf75\" id=\"gwolle_gb_5f6ed0c67f91e3dff484974ae50bdf75\" placeholder=\"\" \/>\n\t\t\t\t<\/div>\n\t\t\t<\/div>\n\t\t\t<div class=\"clearBoth\"><\/div><div class=\"gwolle_gb_content\">\n\t\t\t\t<div class=\"label\"><label for=\"gwolle_gb_content\" class=\"text-info\">Message du livre d&#039;or: *<\/label><\/div>\n\t\t\t\t<div class=\"input\"><textarea name=\"gwolle_gb_content\" id=\"gwolle_gb_content\" class=\"wp-exclude-emoji \" placeholder=\"Message du livre d&#039;or\"  required ><\/textarea><div class=\"gwolle_gb_emoji gwolle_gb_hide\">\n\t\t<a title=\"\ud83d\ude04\" class=\"gwolle_gb_emoji_1 noslimstat\">\ud83d\ude04<\/a>\n\t\t<a title=\"\ud83d\ude03\" class=\"gwolle_gb_emoji_2 noslimstat\">\ud83d\ude03<\/a>\n\t\t<a title=\"\ud83d\ude0a\" class=\"gwolle_gb_emoji_3 noslimstat\">\ud83d\ude0a<\/a>\n\t\t<a title=\"\ud83d\ude09\" class=\"gwolle_gb_emoji_4 noslimstat\">\ud83d\ude09<\/a>\n\t\t<a title=\"\ud83d\ude0d\" class=\"gwolle_gb_emoji_5 noslimstat\">\ud83d\ude0d<\/a>\n\t\t<a title=\"\ud83d\ude1a\" class=\"gwolle_gb_emoji_6 noslimstat\">\ud83d\ude1a<\/a>\n\t\t<a title=\"\ud83d\ude17\" class=\"gwolle_gb_emoji_7 noslimstat\">\ud83d\ude17<\/a>\n\t\t<a title=\"\ud83d\ude1c\" class=\"gwolle_gb_emoji_8 noslimstat\">\ud83d\ude1c<\/a>\n\t\t<a title=\"\ud83d\ude1b\" class=\"gwolle_gb_emoji_9 noslimstat\">\ud83d\ude1b<\/a>\n\t\t<a title=\"\ud83d\ude33\" class=\"gwolle_gb_emoji_10 noslimstat\">\ud83d\ude33<\/a>\n\t\t<a title=\"\ud83d\ude01\" class=\"gwolle_gb_emoji_11 noslimstat\">\ud83d\ude01<\/a>\n\t\t<a title=\"\ud83d\ude2c\" class=\"gwolle_gb_emoji_12 noslimstat\">\ud83d\ude2c<\/a>\n\t\t<a title=\"\ud83d\ude0c\" class=\"gwolle_gb_emoji_13 noslimstat\">\ud83d\ude0c<\/a>\n\t\t<a title=\"\ud83d\ude1e\" class=\"gwolle_gb_emoji_14 noslimstat\">\ud83d\ude1e<\/a>\n\t\t<a title=\"\ud83d\ude22\" class=\"gwolle_gb_emoji_15 noslimstat\">\ud83d\ude22<\/a>\n\t\t<a title=\"\ud83d\ude02\" class=\"gwolle_gb_emoji_16 noslimstat\">\ud83d\ude02<\/a>\n\t\t<a title=\"\ud83d\ude2d\" class=\"gwolle_gb_emoji_17 noslimstat\">\ud83d\ude2d<\/a>\n\t\t<a title=\"\ud83d\ude05\" class=\"gwolle_gb_emoji_18 noslimstat\">\ud83d\ude05<\/a>\n\t\t<a title=\"\ud83d\ude13\" class=\"gwolle_gb_emoji_19 noslimstat\">\ud83d\ude13<\/a>\n\t\t<a title=\"\ud83d\ude29\" class=\"gwolle_gb_emoji_20 noslimstat\">\ud83d\ude29<\/a>\n\t\t<a title=\"\ud83d\ude2e\" class=\"gwolle_gb_emoji_21 noslimstat\">\ud83d\ude2e<\/a>\n\t\t<a title=\"\ud83d\ude31\" class=\"gwolle_gb_emoji_22 noslimstat\">\ud83d\ude31<\/a>\n\t\t<a title=\"\ud83d\ude20\" class=\"gwolle_gb_emoji_23 noslimstat\">\ud83d\ude20<\/a>\n\t\t<a title=\"\ud83d\ude21\" class=\"gwolle_gb_emoji_24 noslimstat\">\ud83d\ude21<\/a>\n\t\t<a title=\"\ud83d\ude24\" class=\"gwolle_gb_emoji_25 noslimstat\">\ud83d\ude24<\/a>\n\t\t<a title=\"\ud83d\ude0b\" class=\"gwolle_gb_emoji_26 noslimstat\">\ud83d\ude0b<\/a>\n\t\t<a title=\"\ud83d\ude0e\" class=\"gwolle_gb_emoji_27 noslimstat\">\ud83d\ude0e<\/a>\n\t\t<a title=\"\ud83d\ude34\" class=\"gwolle_gb_emoji_28 noslimstat\">\ud83d\ude34<\/a>\n\t\t<a title=\"\ud83d\ude08\" class=\"gwolle_gb_emoji_29 noslimstat\">\ud83d\ude08<\/a>\n\t\t<a title=\"\ud83d\ude07\" class=\"gwolle_gb_emoji_30 noslimstat\">\ud83d\ude07<\/a>\n\t\t<a title=\"\ud83d\ude15\" class=\"gwolle_gb_emoji_31 noslimstat\">\ud83d\ude15<\/a>\n\t\t<a title=\"\ud83d\ude0f\" class=\"gwolle_gb_emoji_32 noslimstat\">\ud83d\ude0f<\/a>\n\t\t<a title=\"\ud83d\ude11\" class=\"gwolle_gb_emoji_33 noslimstat\">\ud83d\ude11<\/a>\n\t\t<a title=\"\ud83d\udc72\" class=\"gwolle_gb_emoji_34 noslimstat\">\ud83d\udc72<\/a>\n\t\t<a title=\"\ud83d\udc6e\" class=\"gwolle_gb_emoji_35 noslimstat\">\ud83d\udc6e<\/a>\n\t\t<a title=\"\ud83d\udc82\" class=\"gwolle_gb_emoji_36 noslimstat\">\ud83d\udc82<\/a>\n\t\t<a title=\"\ud83d\udc76\" class=\"gwolle_gb_emoji_37 noslimstat\">\ud83d\udc76<\/a>\n\t\t<a title=\"\u2764\" class=\"gwolle_gb_emoji_38 noslimstat\">\u2764<\/a>\n\t\t<a title=\"\ud83d\udc94\" class=\"gwolle_gb_emoji_39 noslimstat\">\ud83d\udc94<\/a>\n\t\t<a title=\"\ud83d\udc95\" class=\"gwolle_gb_emoji_40 noslimstat\">\ud83d\udc95<\/a>\n\t\t<a title=\"\ud83d\udc98\" class=\"gwolle_gb_emoji_41 noslimstat\">\ud83d\udc98<\/a>\n\t\t<a title=\"\ud83d\udc8c\" class=\"gwolle_gb_emoji_42 noslimstat\">\ud83d\udc8c<\/a>\n\t\t<a title=\"\ud83d\udc8b\" class=\"gwolle_gb_emoji_43 noslimstat\">\ud83d\udc8b<\/a>\n\t\t<a title=\"\ud83c\udf81\" class=\"gwolle_gb_emoji_44 noslimstat\">\ud83c\udf81<\/a>\n\t\t<a title=\"\ud83d\udcb0\" class=\"gwolle_gb_emoji_45 noslimstat\">\ud83d\udcb0<\/a>\n\t\t<a title=\"\ud83d\udc8d\" class=\"gwolle_gb_emoji_46 noslimstat\">\ud83d\udc8d<\/a>\n\t\t<a title=\"\ud83d\udc4d\" class=\"gwolle_gb_emoji_47 noslimstat\">\ud83d\udc4d<\/a>\n\t\t<a title=\"\ud83d\udc4e\" class=\"gwolle_gb_emoji_48 noslimstat\">\ud83d\udc4e<\/a>\n\t\t<a title=\"\ud83d\udc4c\" class=\"gwolle_gb_emoji_49 noslimstat\">\ud83d\udc4c<\/a>\n\t\t<a title=\"\u270c\ufe0f\" class=\"gwolle_gb_emoji_50 noslimstat\">\u270c\ufe0f<\/a>\n\t\t<a title=\"\ud83e\udd18\ufe0f\" class=\"gwolle_gb_emoji_51 noslimstat\">\ud83e\udd18<\/a>\n\t\t<a title=\"\ud83d\udc4f\" class=\"gwolle_gb_emoji_52 noslimstat\">\ud83d\udc4f<\/a>\n\t\t<a title=\"\ud83c\udfb5\" class=\"gwolle_gb_emoji_53 noslimstat\">\ud83c\udfb5<\/a>\n\t\t<a title=\"\u2615\ufe0f\" class=\"gwolle_gb_emoji_54 noslimstat\">\u2615\ufe0f<\/a>\n\t\t<a title=\"\ud83c\udf75\" class=\"gwolle_gb_emoji_55 noslimstat\">\ud83c\udf75<\/a>\n\t\t<a title=\"\ud83c\udf7a\" class=\"gwolle_gb_emoji_56 noslimstat\">\ud83c\udf7a<\/a>\n\t\t<a title=\"\ud83c\udf77\" class=\"gwolle_gb_emoji_57 noslimstat\">\ud83c\udf77<\/a>\n\t\t<a title=\"\ud83c\udf7c\" class=\"gwolle_gb_emoji_58 noslimstat\">\ud83c\udf7c<\/a>\n\t\t<a title=\"\u2600\ufe0f\" class=\"gwolle_gb_emoji_59 noslimstat\">\u2600\ufe0f<\/a>\n\t\t<a title=\"\ud83c\udf24\" class=\"gwolle_gb_emoji_60 noslimstat\">\ud83c\udf24<\/a>\n\t\t<a title=\"\ud83c\udf26\" class=\"gwolle_gb_emoji_61 noslimstat\">\ud83c\udf26<\/a>\n\t\t<a title=\"\ud83c\udf27\" class=\"gwolle_gb_emoji_62 noslimstat\">\ud83c\udf27<\/a>\n\t\t<a title=\"\ud83c\udf1c\" class=\"gwolle_gb_emoji_63 noslimstat\">\ud83c\udf1c<\/a>\n\t\t<a title=\"\ud83c\udf08\" class=\"gwolle_gb_emoji_64 noslimstat\">\ud83c\udf08<\/a>\n\t\t<a title=\"\ud83c\udfdd\" class=\"gwolle_gb_emoji_65 noslimstat\">\ud83c\udfdd<\/a>\n\t\t<a title=\"\ud83c\udf85\" class=\"gwolle_gb_emoji_66 noslimstat\">\ud83c\udf85<\/a>\n\t\t<\/div><\/div>\n\t\t\t\t<\/div>\n\t\t\t<div class=\"clearBoth\">&nbsp;<\/div>\n\t\t\t\t<div class=\"gwolle_gb_antispam\">\n\t\t\t\t\t<div class=\"label\">\n\t\t\t\t\t\t<label for=\"gwolle_gb_3ec284ad27956c35b9f0b42617e24165\" class=\"text-info\">Anti-spam: *<br \/>\n\t\t\t\t\t\tQuestion\u00a0: 12 + 3 =<\/label>\n\t\t\t\t\t<\/div>\n\t\t\t\t\t<div class=\"input\"><input class=\"\" value=\"\" type=\"text\" name=\"gwolle_gb_3ec284ad27956c35b9f0b42617e24165\" id=\"gwolle_gb_3ec284ad27956c35b9f0b42617e24165\" placeholder=\"R\u00e9ponse\"  required \/>\n\t\t\t\t\t\t<\/div>\n\t\t\t\t\t<\/div>\n\t\t\t\t\t<div class=\"clearBoth\">&nbsp;<\/div><input type=\"hidden\" id=\"gwolle_gb_a441f81ebc3eafe994d1751f3f91f6ed\" name=\"gwolle_gb_a441f81ebc3eafe994d1751f3f91f6ed\" value=\"d848700ff8\" \/>\n\t\t\t<div id=\"gwolle_gb_messages_bottom_container\"><\/div>\n\n\t\t\t<noscript><div class=\"no-js\">Avertissement\u00a0: Ce formulaire ne peut \u00eatre utilis\u00e9 que si JavaScript est activ\u00e9 dans votre navigateur.<\/div><\/noscript>\n\n\t\t\t<div class=\"gwolle_gb_submit\">\n\t\t\t\t<div class=\"label gwolle_gb_invisible text-muted\">&nbsp;<\/div>\n\t\t\t\t<div class=\"input\">\n\t\t\t\t\t<input type=\"submit\" name=\"gwolle_gb_submit\" id=\"gwolle_gb_submit\" class=\"button btn btn-primary \" value=\"Envoyer\" \/>\n\t\t\t\t\t<span class=\"gwolle_gb_submit_ajax_icon\"><\/span>\n\t\t\t\n\t\t\t\t<\/div>\n\t\t\t<\/div>\n\t\t\t<div class=\"clearBoth\">&nbsp;<\/div>\n\n\t\t\t<div class=\"gwolle_gb_notice\">\n\t\t\t\tLes champs marqu\u00e9s avec un * sont obligatoires.<br \/>\r\nVotre adresse e-mail ne sera pas publi\u00e9e.<br \/>\r\nIl se pourrait que votre message n\u2019apparaisse dans le livre d\u2019or qu\u2019apr\u00e8s que nous l\u2019ayons v\u00e9rifi\u00e9.<br \/>\r\nNous nous r\u00e9servons le droit de modifier, de supprimer, ou de ne pas publier les messages.\n\t\t\t<\/div><\/form><div id=\"gwolle_gb_entries\" class=\"\" data-book_id=\"1\"><div id=\"gwolle-gb-total\">2 messages.<\/div><!-- Gwolle-GB Entry: Default Template Loaded -->\n\t\t\t\t<div class=\"gb-entry gb-entry_5 gb-entry-count_1 gwolle_gb_uneven gwolle-gb-uneven gwolle_gb_first gwolle-gb-first\">\n\t\t\t\t<article>\n\t\t\t\t\t<div class=\"gb-author-info\">\n\t\t\t\t\t\t<span class=\"gb-author-name\">Constantin\n\t\t\t\t\t\t<\/span>\n\t\t\t\t\t\t<span class=\"gb-author-origin\"> de Pujaut<\/span>\n\t\t\t\t\t\t<span class=\"gb-datetime\">\n\t\t\t\t\t\t\t<span class=\"gb-date\"> a \u00e9crit le 22 avril 2021<\/span><span class=\"gb-time\"> \u00e0 17 h 07 min<\/span>:\n\t\t\t\t\t\t<\/span> \n\t\t\t\t\t<\/div>\n\t\t\t\t\t<div class=\"gb-entry-content\">Un eleveur passionn\u00e9, attentif au bien \u00eatre de ses magnifiques coons.  Je recommande \u00e0 200%\n\t\t\t\t\t<\/div>\n\t\t\t\t<\/article>\n\t\t\t<\/div>\n\t\t\t<div class=\"gb-entry gb-entry_3 gb-entry-count_2 gwolle_gb_even gwolle-gb-even\">\n\t\t\t\t<article>\n\t\t\t\t\t<div class=\"gb-author-info\">\n\t\t\t\t\t\t<span class=\"gb-author-name\"><a href=\"http:\/\/www.nikkocoons.com\" target=\"_blank\" rel=\"nofollow\"\n\t\t\t\t\t\t\ttitle=\"Visiter le site web de  Phily Christiane: http:\/\/www.nikkocoons.com\">Phily Christiane<\/a>\n\t\t\t\t\t\t<\/span>\n\t\t\t\t\t\t<span class=\"gb-author-origin\"> de Marseille<\/span>\n\t\t\t\t\t\t<span class=\"gb-datetime\">\n\t\t\t\t\t\t\t<span class=\"gb-date\"> a \u00e9crit le 7 septembre 2019<\/span><span class=\"gb-time\"> \u00e0 10 h 42 min<\/span>:\n\t\t\t\t\t\t<\/span> \n\t\t\t\t\t<\/div>\n\t\t\t\t\t<div class=\"gb-entry-content\">Tr\u00e8s joli site qui refl\u00e8te \u00e0 merveille ta passion et ton s\u00e9rieux,  dans toutes les \u00e9tapes que tu as su franchir avec brio. Bravo, tu fais honneur \u00e0 notre belle race \ud83d\udc4f\n\t\t\t\t\t<\/div>\n\t\t\t\t<\/article>\n\t\t\t<\/div>\n\t\t\t<\/div><\/div>\n","protected":false},"excerpt":{"rendered":"","protected":false},"author":1,"featured_media":0,"parent":0,"menu_order":0,"comment_status":"closed","ping_status":"closed","template":"","meta":{"footnotes":""},"class_list":["post-167","page","type-page","status-publish","hentry"],"_links":{"self":[{"href":"http:\/\/chatteriefelynxs.fr\/site\/wp-json\/wp\/v2\/pages\/167","targetHints":{"allow":["GET"]}}],"collection":[{"href":"http:\/\/chatteriefelynxs.fr\/site\/wp-json\/wp\/v2\/pages"}],"about":[{"href":"http:\/\/chatteriefelynxs.fr\/site\/wp-json\/wp\/v2\/types\/page"}],"author":[{"embeddable":true,"href":"http:\/\/chatteriefelynxs.fr\/site\/wp-json\/wp\/v2\/users\/1"}],"replies":[{"embeddable":true,"href":"http:\/\/chatteriefelynxs.fr\/site\/wp-json\/wp\/v2\/comments?post=167"}],"version-history":[{"count":1,"href":"http:\/\/chatteriefelynxs.fr\/site\/wp-json\/wp\/v2\/pages\/167\/revisions"}],"predecessor-version":[{"id":168,"href":"http:\/\/chatteriefelynxs.fr\/site\/wp-json\/wp\/v2\/pages\/167\/revisions\/168"}],"wp:attachment":[{"href":"http:\/\/chatteriefelynxs.fr\/site\/wp-json\/wp\/v2\/media?parent=167"}],"curies":[{"name":"wp","href":"https:\/\/api.w.org\/{rel}","templated":true}]}}